{"id":451,"date":"2018-07-03T22:14:23","date_gmt":"2018-07-03T20:14:23","guid":{"rendered":"http:\/\/ramynaprawcze.czest.pl\/?page_id=451"},"modified":"2019-05-15T14:08:26","modified_gmt":"2019-05-15T12:08:26","slug":"wozek-transportowy-pod-kolo","status":"publish","type":"page","link":"https:\/\/ramynaprawcze.czest.pl\/index.php\/wyposazenie-warsztatow-blacharskich\/wozek-transportowy-pod-kolo\/","title":{"rendered":"W\u00f3zek transportowy blacharski"},"content":{"rendered":"<h2>W\u00f3zek transportowy blacharski &#8211; \u0142atwe przemieszczanie samochodu<\/h2>\n<p>W\u00f3zek transportowy blacharski pod ko\u0142o to niezb\u0119dne wyposa\u017cenie warsztatu blacharskiego jak i lawety. Solidna konstrukcja pozwala na transport w najtrudniejszych warunkach, r\u00f3\u017cnymi technikami w zim\u0119 lub w lato.&nbsp;<\/p>\n<p>Bia\u0142e tworzywo pozwala na po\u015blizg bez zostawiania \u015blad\u00f3w jak czarna guma, trudna do usuni\u0119cia z posadzki, p\u0142ytek.<\/p>\n<p>Konstrukcja jest z pod\u0142og\u0105 (blacha o grubo\u015bci 4 mm) co tworzy z ca\u0142o\u015bci sanie, kt\u00f3re dzia\u0142aj\u0105 na grz\u0105skim terenie lub \u015bniegu.<\/p>\n<p>Konstrukcja pozwala r\u00f3wnie\u017c na po\u0142o\u017cenie klocka lub zu\u017cytej opony. W ten spos\u00f3b podk\u0142adamy pod pr\u00f3g pojazdu, do odholowania z miejsca wypadku. Kraw\u0119dzie w\u00f3zka nie s\u0105 ostre. D\u0142ugo\u015b\u0107 w\u00f3zka jest regulowana trzystopniowo.<\/p>\n<p>Zapraszamy do zapoznania si\u0119 z nasz\u0105 ofert\u0105&nbsp;<a href=\"https:\/\/allegro.pl\/uzytkownik\/bometgrab\" target=\"_blank\" rel=\"noopener noreferrer\">na Allegro<\/a>&nbsp;lub w&nbsp;<a href=\"https:\/\/bomet.istore.pl\/\" target=\"_blank\" rel=\"noopener noreferrer\">naszym sklepie BOMET<\/a>.<\/p>\n<!-- index.php -->\n<div\n\tclass=\"ngg-galleryoverview ngg-ajax-pagination-none\"\n\tid=\"ngg-gallery-18814ff380edea1356b4ef446cfee29a-1\">\n\n    \t\t<!-- Thumbnails -->\n\t\t\t\t<div id=\"ngg-image-0\" class=\"ngg-gallery-thumbnail-box\" >\n\t\t\t\t        <div class=\"ngg-gallery-thumbnail\">\n            <a href=\"https:\/\/ramynaprawcze.czest.pl\/wp-content\/gallery\/rolki-transportowe\/P1020113.JPG\"\n               title=\"W\u00f3zek transportowy warsztatu blacharskiego\"\n               data-src=\"https:\/\/ramynaprawcze.czest.pl\/wp-content\/gallery\/rolki-transportowe\/P1020113.JPG\"\n               data-thumbnail=\"https:\/\/ramynaprawcze.czest.pl\/wp-content\/gallery\/rolki-transportowe\/thumbs\/thumbs_P1020113.JPG\"\n               data-image-id=\"98\"\n               data-title=\"W\u00f3zek transportowy\"\n               data-description=\"W\u00f3zek transportowy warsztatu blacharskiego\"\n               data-image-slug=\"p1020113\"\n               class=\"ngg-fancybox\" rel=\"18814ff380edea1356b4ef446cfee29a\">\n                <img\n                    title=\"W\u00f3zek transportowy\"\n                    alt=\"W\u00f3zek transportowy\"\n                    src=\"https:\/\/ramynaprawcze.czest.pl\/wp-content\/gallery\/rolki-transportowe\/thumbs\/thumbs_P1020113.JPG\"\n                    width=\"240\"\n                    height=\"160\"\n                    style=\"max-width:100%;\"\n                \/>\n            <\/a>\n        <\/div>\n\t\t\t\t\t\t\t<\/div> \n\t\t\t\n        \n\t\t\t\t<div id=\"ngg-image-1\" class=\"ngg-gallery-thumbnail-box\" >\n\t\t\t\t        <div class=\"ngg-gallery-thumbnail\">\n            <a href=\"https:\/\/ramynaprawcze.czest.pl\/wp-content\/gallery\/rolki-transportowe\/P1020135.JPG\"\n               title=\"W\u00f3zek transportowy warsztatu blacharskiego\"\n               data-src=\"https:\/\/ramynaprawcze.czest.pl\/wp-content\/gallery\/rolki-transportowe\/P1020135.JPG\"\n               data-thumbnail=\"https:\/\/ramynaprawcze.czest.pl\/wp-content\/gallery\/rolki-transportowe\/thumbs\/thumbs_P1020135.JPG\"\n               data-image-id=\"99\"\n               data-title=\"W\u00f3zek transportowy\"\n               data-description=\"W\u00f3zek transportowy warsztatu blacharskiego\"\n               data-image-slug=\"p1020135\"\n               class=\"ngg-fancybox\" rel=\"18814ff380edea1356b4ef446cfee29a\">\n                <img\n                    title=\"W\u00f3zek transportowy\"\n                    alt=\"W\u00f3zek transportowy\"\n                    src=\"https:\/\/ramynaprawcze.czest.pl\/wp-content\/gallery\/rolki-transportowe\/thumbs\/thumbs_P1020135.JPG\"\n                    width=\"240\"\n                    height=\"160\"\n                    style=\"max-width:100%;\"\n                \/>\n            <\/a>\n        <\/div>\n\t\t\t\t\t\t\t<\/div> \n\t\t\t\n        \n\t\t\t\t<div id=\"ngg-image-2\" class=\"ngg-gallery-thumbnail-box\" >\n\t\t\t\t        <div class=\"ngg-gallery-thumbnail\">\n            <a href=\"https:\/\/ramynaprawcze.czest.pl\/wp-content\/gallery\/rolki-transportowe\/P1020298.JPG\"\n               title=\"W\u00f3zek transportowy warsztatu blacharskiego\"\n               data-src=\"https:\/\/ramynaprawcze.czest.pl\/wp-content\/gallery\/rolki-transportowe\/P1020298.JPG\"\n               data-thumbnail=\"https:\/\/ramynaprawcze.czest.pl\/wp-content\/gallery\/rolki-transportowe\/thumbs\/thumbs_P1020298.JPG\"\n               data-image-id=\"100\"\n               data-title=\"W\u00f3zek transportowy\"\n               data-description=\"W\u00f3zek transportowy warsztatu blacharskiego\"\n               data-image-slug=\"p1020298\"\n               class=\"ngg-fancybox\" rel=\"18814ff380edea1356b4ef446cfee29a\">\n                <img\n                    title=\"W\u00f3zek transportowy\"\n                    alt=\"W\u00f3zek transportowy\"\n                    src=\"https:\/\/ramynaprawcze.czest.pl\/wp-content\/gallery\/rolki-transportowe\/thumbs\/thumbs_P1020298.JPG\"\n                    width=\"240\"\n                    height=\"160\"\n                    style=\"max-width:100%;\"\n                \/>\n            <\/a>\n        <\/div>\n\t\t\t\t\t\t\t<\/div> \n\t\t\t\n        \n\t\t\t\t<div id=\"ngg-image-3\" class=\"ngg-gallery-thumbnail-box\" >\n\t\t\t\t        <div class=\"ngg-gallery-thumbnail\">\n            <a href=\"https:\/\/ramynaprawcze.czest.pl\/wp-content\/gallery\/rolki-transportowe\/P1020299.JPG\"\n               title=\"W\u00f3zek transportowy warsztatu blacharskiego\"\n               data-src=\"https:\/\/ramynaprawcze.czest.pl\/wp-content\/gallery\/rolki-transportowe\/P1020299.JPG\"\n               data-thumbnail=\"https:\/\/ramynaprawcze.czest.pl\/wp-content\/gallery\/rolki-transportowe\/thumbs\/thumbs_P1020299.JPG\"\n               data-image-id=\"101\"\n               data-title=\"W\u00f3zek transportowy\"\n               data-description=\"W\u00f3zek transportowy warsztatu blacharskiego\"\n               data-image-slug=\"p1020299\"\n               class=\"ngg-fancybox\" rel=\"18814ff380edea1356b4ef446cfee29a\">\n                <img\n                    title=\"W\u00f3zek transportowy\"\n                    alt=\"W\u00f3zek transportowy\"\n                    src=\"https:\/\/ramynaprawcze.czest.pl\/wp-content\/gallery\/rolki-transportowe\/thumbs\/thumbs_P1020299.JPG\"\n                    width=\"240\"\n                    height=\"160\"\n                    style=\"max-width:100%;\"\n                \/>\n            <\/a>\n        <\/div>\n\t\t\t\t\t\t\t<\/div> \n\t\t\t\n        \n\t\t\t\t<div id=\"ngg-image-4\" class=\"ngg-gallery-thumbnail-box\" >\n\t\t\t\t        <div class=\"ngg-gallery-thumbnail\">\n            <a href=\"https:\/\/ramynaprawcze.czest.pl\/wp-content\/gallery\/rolki-transportowe\/P1020302.JPG\"\n               title=\"W\u00f3zek transportowy warsztatu blacharskiego\"\n               data-src=\"https:\/\/ramynaprawcze.czest.pl\/wp-content\/gallery\/rolki-transportowe\/P1020302.JPG\"\n               data-thumbnail=\"https:\/\/ramynaprawcze.czest.pl\/wp-content\/gallery\/rolki-transportowe\/thumbs\/thumbs_P1020302.JPG\"\n               data-image-id=\"102\"\n               data-title=\"W\u00f3zek transportowy\"\n               data-description=\"W\u00f3zek transportowy warsztatu blacharskiego\"\n               data-image-slug=\"p1020302\"\n               class=\"ngg-fancybox\" rel=\"18814ff380edea1356b4ef446cfee29a\">\n                <img\n                    title=\"W\u00f3zek transportowy\"\n                    alt=\"W\u00f3zek transportowy\"\n                    src=\"https:\/\/ramynaprawcze.czest.pl\/wp-content\/gallery\/rolki-transportowe\/thumbs\/thumbs_P1020302.JPG\"\n                    width=\"240\"\n                    height=\"160\"\n                    style=\"max-width:100%;\"\n                \/>\n            <\/a>\n        <\/div>\n\t\t\t\t\t\t\t<\/div> \n\t\t\t\n        \n\t\t\t\t<div id=\"ngg-image-5\" class=\"ngg-gallery-thumbnail-box\" >\n\t\t\t\t        <div class=\"ngg-gallery-thumbnail\">\n            <a href=\"https:\/\/ramynaprawcze.czest.pl\/wp-content\/gallery\/rolki-transportowe\/P1020303.JPG\"\n               title=\"W\u00f3zek transportowy warsztatu blacharskiego\"\n               data-src=\"https:\/\/ramynaprawcze.czest.pl\/wp-content\/gallery\/rolki-transportowe\/P1020303.JPG\"\n               data-thumbnail=\"https:\/\/ramynaprawcze.czest.pl\/wp-content\/gallery\/rolki-transportowe\/thumbs\/thumbs_P1020303.JPG\"\n               data-image-id=\"103\"\n               data-title=\"W\u00f3zek transportowy\"\n               data-description=\"W\u00f3zek transportowy warsztatu blacharskiego\"\n               data-image-slug=\"p1020303\"\n               class=\"ngg-fancybox\" rel=\"18814ff380edea1356b4ef446cfee29a\">\n                <img\n                    title=\"W\u00f3zek transportowy\"\n                    alt=\"W\u00f3zek transportowy\"\n                    src=\"https:\/\/ramynaprawcze.czest.pl\/wp-content\/gallery\/rolki-transportowe\/thumbs\/thumbs_P1020303.JPG\"\n                    width=\"240\"\n                    height=\"160\"\n                    style=\"max-width:100%;\"\n                \/>\n            <\/a>\n        <\/div>\n\t\t\t\t\t\t\t<\/div> \n\t\t\t\n        \n\t\t\t\t<div id=\"ngg-image-6\" class=\"ngg-gallery-thumbnail-box\" >\n\t\t\t\t        <div class=\"ngg-gallery-thumbnail\">\n            <a href=\"https:\/\/ramynaprawcze.czest.pl\/wp-content\/gallery\/rolki-transportowe\/P1020313.JPG\"\n               title=\"W\u00f3zek transportowy warsztatu blacharskiego\"\n               data-src=\"https:\/\/ramynaprawcze.czest.pl\/wp-content\/gallery\/rolki-transportowe\/P1020313.JPG\"\n               data-thumbnail=\"https:\/\/ramynaprawcze.czest.pl\/wp-content\/gallery\/rolki-transportowe\/thumbs\/thumbs_P1020313.JPG\"\n               data-image-id=\"104\"\n               data-title=\"W\u00f3zek transportowy\"\n               data-description=\"W\u00f3zek transportowy warsztatu blacharskiego\"\n               data-image-slug=\"p1020313\"\n               class=\"ngg-fancybox\" rel=\"18814ff380edea1356b4ef446cfee29a\">\n                <img\n                    title=\"W\u00f3zek transportowy\"\n                    alt=\"W\u00f3zek transportowy\"\n                    src=\"https:\/\/ramynaprawcze.czest.pl\/wp-content\/gallery\/rolki-transportowe\/thumbs\/thumbs_P1020313.JPG\"\n                    width=\"240\"\n                    height=\"160\"\n                    style=\"max-width:100%;\"\n                \/>\n            <\/a>\n        <\/div>\n\t\t\t\t\t\t\t<\/div> \n\t\t\t\n        \n\t\t\t\t<div id=\"ngg-image-7\" class=\"ngg-gallery-thumbnail-box\" >\n\t\t\t\t        <div class=\"ngg-gallery-thumbnail\">\n            <a href=\"https:\/\/ramynaprawcze.czest.pl\/wp-content\/gallery\/rolki-transportowe\/P1020319.JPG\"\n               title=\"W\u00f3zek transportowy warsztatu blacharskiego\"\n               data-src=\"https:\/\/ramynaprawcze.czest.pl\/wp-content\/gallery\/rolki-transportowe\/P1020319.JPG\"\n               data-thumbnail=\"https:\/\/ramynaprawcze.czest.pl\/wp-content\/gallery\/rolki-transportowe\/thumbs\/thumbs_P1020319.JPG\"\n               data-image-id=\"105\"\n               data-title=\"W\u00f3zek transportowy\"\n               data-description=\"W\u00f3zek transportowy warsztatu blacharskiego\"\n               data-image-slug=\"p1020319\"\n               class=\"ngg-fancybox\" rel=\"18814ff380edea1356b4ef446cfee29a\">\n                <img\n                    title=\"W\u00f3zek transportowy\"\n                    alt=\"W\u00f3zek transportowy\"\n                    src=\"https:\/\/ramynaprawcze.czest.pl\/wp-content\/gallery\/rolki-transportowe\/thumbs\/thumbs_P1020319.JPG\"\n                    width=\"240\"\n                    height=\"160\"\n                    style=\"max-width:100%;\"\n                \/>\n            <\/a>\n        <\/div>\n\t\t\t\t\t\t\t<\/div> \n\t\t\t\n        \n\t\t\n\t\t<!-- Pagination -->\n\t<div class='ngg-clear'><\/div>\t<\/div>\n\n","protected":false},"excerpt":{"rendered":"<p>W\u00f3zek transportowy blacharski &#8211; \u0142atwe przemieszczanie samochodu W\u00f3zek transportowy blacharski pod ko\u0142o to niezb\u0119dne wyposa\u017cenie warsztatu blacharskiego jak i lawety. Solidna konstrukcja pozwala na transport w najtrudniejszych warunkach, r\u00f3\u017cnymi technikami w zim\u0119 lub w lato.&nbsp; Bia\u0142e tworzywo pozwala na po\u015blizg bez zostawiania \u015blad\u00f3w jak czarna guma, trudna do usuni\u0119cia z posadzki, p\u0142ytek. Konstrukcja jest z &hellip; <a href=\"https:\/\/ramynaprawcze.czest.pl\/index.php\/wyposazenie-warsztatow-blacharskich\/wozek-transportowy-pod-kolo\/\" class=\"more-link\">Czytaj dalej<span class=\"screen-reader-text\"> \u201eW\u00f3zek transportowy blacharski\u201d<\/span><\/a><\/p>\n","protected":false},"author":1,"featured_media":0,"parent":121,"menu_order":0,"comment_status":"closed","ping_status":"closed","template":"","meta":{"ngg_post_thumbnail":0},"yoast_head":"<!-- This site is optimized with the Yoast SEO plugin v19.6.1 - https:\/\/yoast.com\/wordpress\/plugins\/seo\/ -->\n<title>W\u00f3zek transportowy blacharski - PPUH BOMET<\/title>\n<meta name=\"description\" content=\"W\u00f3zek transportowy blacharski pod ko\u0142o to niezb\u0119dne wyposa\u017cenie warsztatu blacharskiego jak i lawety. \u0141atwe przemieszczenie samochodu po r\u00f3\u017cnych pod\u0142o\u017cach\" \/>\n<meta name=\"robots\" content=\"index, follow, max-snippet:-1, max-image-preview:large, max-video-preview:-1\" \/>\n<link rel=\"canonical\" href=\"https:\/\/ramynaprawcze.czest.pl\/index.php\/wyposazenie-warsztatow-blacharskich\/wozek-transportowy-pod-kolo\/\" \/>\n<meta property=\"og:locale\" content=\"pl_PL\" \/>\n<meta property=\"og:type\" content=\"article\" \/>\n<meta property=\"og:title\" content=\"W\u00f3zek transportowy blacharski - PPUH BOMET\" \/>\n<meta property=\"og:description\" content=\"W\u00f3zek transportowy blacharski pod ko\u0142o to niezb\u0119dne wyposa\u017cenie warsztatu blacharskiego jak i lawety. \u0141atwe przemieszczenie samochodu po r\u00f3\u017cnych pod\u0142o\u017cach\" \/>\n<meta property=\"og:url\" content=\"https:\/\/ramynaprawcze.czest.pl\/index.php\/wyposazenie-warsztatow-blacharskich\/wozek-transportowy-pod-kolo\/\" \/>\n<meta property=\"og:site_name\" content=\"PPUH BOMET\" \/>\n<meta property=\"article:modified_time\" content=\"2019-05-15T12:08:26+00:00\" \/>\n<meta name=\"twitter:card\" content=\"summary_large_image\" \/>\n<meta name=\"twitter:label1\" content=\"Szacowany czas czytania\" \/>\n\t<meta name=\"twitter:data1\" content=\"1 minuta\" \/>\n<script type=\"application\/ld+json\" class=\"yoast-schema-graph\">{\"@context\":\"https:\/\/schema.org\",\"@graph\":[{\"@type\":\"WebPage\",\"@id\":\"https:\/\/ramynaprawcze.czest.pl\/index.php\/wyposazenie-warsztatow-blacharskich\/wozek-transportowy-pod-kolo\/\",\"url\":\"https:\/\/ramynaprawcze.czest.pl\/index.php\/wyposazenie-warsztatow-blacharskich\/wozek-transportowy-pod-kolo\/\",\"name\":\"W\u00f3zek transportowy blacharski - PPUH BOMET\",\"isPartOf\":{\"@id\":\"https:\/\/ramynaprawcze.czest.pl\/#website\"},\"datePublished\":\"2018-07-03T20:14:23+00:00\",\"dateModified\":\"2019-05-15T12:08:26+00:00\",\"description\":\"W\u00f3zek transportowy blacharski pod ko\u0142o to niezb\u0119dne wyposa\u017cenie warsztatu blacharskiego jak i lawety. \u0141atwe przemieszczenie samochodu po r\u00f3\u017cnych pod\u0142o\u017cach\",\"breadcrumb\":{\"@id\":\"https:\/\/ramynaprawcze.czest.pl\/index.php\/wyposazenie-warsztatow-blacharskich\/wozek-transportowy-pod-kolo\/#breadcrumb\"},\"inLanguage\":\"pl-PL\",\"potentialAction\":[{\"@type\":\"ReadAction\",\"target\":[\"https:\/\/ramynaprawcze.czest.pl\/index.php\/wyposazenie-warsztatow-blacharskich\/wozek-transportowy-pod-kolo\/\"]}]},{\"@type\":\"BreadcrumbList\",\"@id\":\"https:\/\/ramynaprawcze.czest.pl\/index.php\/wyposazenie-warsztatow-blacharskich\/wozek-transportowy-pod-kolo\/#breadcrumb\",\"itemListElement\":[{\"@type\":\"ListItem\",\"position\":1,\"name\":\"Strona g\u0142\u00f3wna\",\"item\":\"https:\/\/ramynaprawcze.czest.pl\/\"},{\"@type\":\"ListItem\",\"position\":2,\"name\":\"Wyposa\u017cenie warsztat\u00f3w blacharskich &#8211; Oferta\",\"item\":\"https:\/\/ramynaprawcze.czest.pl\/index.php\/wyposazenie-warsztatow-blacharskich\/\"},{\"@type\":\"ListItem\",\"position\":3,\"name\":\"W\u00f3zek transportowy blacharski\"}]},{\"@type\":\"WebSite\",\"@id\":\"https:\/\/ramynaprawcze.czest.pl\/#website\",\"url\":\"https:\/\/ramynaprawcze.czest.pl\/\",\"name\":\"PPUH BOMET\",\"description\":\"Ramy naprawcze i akcesoria\",\"potentialAction\":[{\"@type\":\"SearchAction\",\"target\":{\"@type\":\"EntryPoint\",\"urlTemplate\":\"https:\/\/ramynaprawcze.czest.pl\/?s={search_term_string}\"},\"query-input\":\"required name=search_term_string\"}],\"inLanguage\":\"pl-PL\"}]}<\/script>\n<!-- \/ Yoast SEO plugin. -->","yoast_head_json":{"title":"W\u00f3zek transportowy blacharski - PPUH BOMET","description":"W\u00f3zek transportowy blacharski pod ko\u0142o to niezb\u0119dne wyposa\u017cenie warsztatu blacharskiego jak i lawety. \u0141atwe przemieszczenie samochodu po r\u00f3\u017cnych pod\u0142o\u017cach","robots":{"index":"index","follow":"follow","max-snippet":"max-snippet:-1","max-image-preview":"max-image-preview:large","max-video-preview":"max-video-preview:-1"},"canonical":"https:\/\/ramynaprawcze.czest.pl\/index.php\/wyposazenie-warsztatow-blacharskich\/wozek-transportowy-pod-kolo\/","og_locale":"pl_PL","og_type":"article","og_title":"W\u00f3zek transportowy blacharski - PPUH BOMET","og_description":"W\u00f3zek transportowy blacharski pod ko\u0142o to niezb\u0119dne wyposa\u017cenie warsztatu blacharskiego jak i lawety. \u0141atwe przemieszczenie samochodu po r\u00f3\u017cnych pod\u0142o\u017cach","og_url":"https:\/\/ramynaprawcze.czest.pl\/index.php\/wyposazenie-warsztatow-blacharskich\/wozek-transportowy-pod-kolo\/","og_site_name":"PPUH BOMET","article_modified_time":"2019-05-15T12:08:26+00:00","twitter_card":"summary_large_image","twitter_misc":{"Szacowany czas czytania":"1 minuta"},"schema":{"@context":"https:\/\/schema.org","@graph":[{"@type":"WebPage","@id":"https:\/\/ramynaprawcze.czest.pl\/index.php\/wyposazenie-warsztatow-blacharskich\/wozek-transportowy-pod-kolo\/","url":"https:\/\/ramynaprawcze.czest.pl\/index.php\/wyposazenie-warsztatow-blacharskich\/wozek-transportowy-pod-kolo\/","name":"W\u00f3zek transportowy blacharski - PPUH BOMET","isPartOf":{"@id":"https:\/\/ramynaprawcze.czest.pl\/#website"},"datePublished":"2018-07-03T20:14:23+00:00","dateModified":"2019-05-15T12:08:26+00:00","description":"W\u00f3zek transportowy blacharski pod ko\u0142o to niezb\u0119dne wyposa\u017cenie warsztatu blacharskiego jak i lawety. \u0141atwe przemieszczenie samochodu po r\u00f3\u017cnych pod\u0142o\u017cach","breadcrumb":{"@id":"https:\/\/ramynaprawcze.czest.pl\/index.php\/wyposazenie-warsztatow-blacharskich\/wozek-transportowy-pod-kolo\/#breadcrumb"},"inLanguage":"pl-PL","potentialAction":[{"@type":"ReadAction","target":["https:\/\/ramynaprawcze.czest.pl\/index.php\/wyposazenie-warsztatow-blacharskich\/wozek-transportowy-pod-kolo\/"]}]},{"@type":"BreadcrumbList","@id":"https:\/\/ramynaprawcze.czest.pl\/index.php\/wyposazenie-warsztatow-blacharskich\/wozek-transportowy-pod-kolo\/#breadcrumb","itemListElement":[{"@type":"ListItem","position":1,"name":"Strona g\u0142\u00f3wna","item":"https:\/\/ramynaprawcze.czest.pl\/"},{"@type":"ListItem","position":2,"name":"Wyposa\u017cenie warsztat\u00f3w blacharskich &#8211; Oferta","item":"https:\/\/ramynaprawcze.czest.pl\/index.php\/wyposazenie-warsztatow-blacharskich\/"},{"@type":"ListItem","position":3,"name":"W\u00f3zek transportowy blacharski"}]},{"@type":"WebSite","@id":"https:\/\/ramynaprawcze.czest.pl\/#website","url":"https:\/\/ramynaprawcze.czest.pl\/","name":"PPUH BOMET","description":"Ramy naprawcze i akcesoria","potentialAction":[{"@type":"SearchAction","target":{"@type":"EntryPoint","urlTemplate":"https:\/\/ramynaprawcze.czest.pl\/?s={search_term_string}"},"query-input":"required name=search_term_string"}],"inLanguage":"pl-PL"}]}},"_links":{"self":[{"href":"https:\/\/ramynaprawcze.czest.pl\/index.php\/wp-json\/wp\/v2\/pages\/451"}],"collection":[{"href":"https:\/\/ramynaprawcze.czest.pl\/index.php\/wp-json\/wp\/v2\/pages"}],"about":[{"href":"https:\/\/ramynaprawcze.czest.pl\/index.php\/wp-json\/wp\/v2\/types\/page"}],"author":[{"embeddable":true,"href":"https:\/\/ramynaprawcze.czest.pl\/index.php\/wp-json\/wp\/v2\/users\/1"}],"replies":[{"embeddable":true,"href":"https:\/\/ramynaprawcze.czest.pl\/index.php\/wp-json\/wp\/v2\/comments?post=451"}],"version-history":[{"count":5,"href":"https:\/\/ramynaprawcze.czest.pl\/index.php\/wp-json\/wp\/v2\/pages\/451\/revisions"}],"predecessor-version":[{"id":504,"href":"https:\/\/ramynaprawcze.czest.pl\/index.php\/wp-json\/wp\/v2\/pages\/451\/revisions\/504"}],"up":[{"embeddable":true,"href":"https:\/\/ramynaprawcze.czest.pl\/index.php\/wp-json\/wp\/v2\/pages\/121"}],"wp:attachment":[{"href":"https:\/\/ramynaprawcze.czest.pl\/index.php\/wp-json\/wp\/v2\/media?parent=451"}],"curies":[{"name":"wp","href":"https:\/\/api.w.org\/{rel}","templated":true}]}}