{"id":424,"date":"2018-06-27T22:25:55","date_gmt":"2018-06-27T20:25:55","guid":{"rendered":"http:\/\/ramynaprawcze.czest.pl\/?page_id=424"},"modified":"2019-05-15T14:12:29","modified_gmt":"2019-05-15T12:12:29","slug":"listwy-pomiarowe-blacharskie","status":"publish","type":"page","link":"https:\/\/ramynaprawcze.czest.pl\/index.php\/wyposazenie-warsztatow-blacharskich\/listwy-pomiarowe-blacharskie\/","title":{"rendered":"Listwy pomiarowe blacharskie cyrkle"},"content":{"rendered":"<p>Listwy pomiarowe blacharskie popularnie nazywane cyrklami s\u0142u\u017c\u0105 do referencyjnych pomiar\u00f3w karoserii samochodowej. Zapraszamy do zapoznania si\u0119 z galeri\u0105 produktu, kt\u00f3ry mo\u017cna zakupi\u0107&nbsp;<a href=\"https:\/\/allegro.pl\/uzytkownik\/bometgrab\" target=\"_blank\" rel=\"noopener noreferrer\">w serwisie Allegro<\/a>&nbsp;lub w&nbsp;<a href=\"https:\/\/bomet.istore.pl\/\" target=\"_blank\" rel=\"noopener noreferrer\">naszym sklepie BOMET<\/a>.<\/p>\n<!-- index.php -->\n<div\n\tclass=\"ngg-galleryoverview ngg-ajax-pagination-none\"\n\tid=\"ngg-gallery-1800201e4ade7b35db0714981254057c-1\">\n\n    \t\t<!-- Thumbnails -->\n\t\t\t\t<div id=\"ngg-image-0\" class=\"ngg-gallery-thumbnail-box\" >\n\t\t\t\t        <div class=\"ngg-gallery-thumbnail\">\n            <a href=\"https:\/\/ramynaprawcze.czest.pl\/wp-content\/gallery\/listwa-pomiarowa\/ListwaPomiarowa00.jpg\"\n               title=\"Listwy pomiarowe blacharskie\"\n               data-src=\"https:\/\/ramynaprawcze.czest.pl\/wp-content\/gallery\/listwa-pomiarowa\/ListwaPomiarowa00.jpg\"\n               data-thumbnail=\"https:\/\/ramynaprawcze.czest.pl\/wp-content\/gallery\/listwa-pomiarowa\/thumbs\/thumbs_ListwaPomiarowa00.jpg\"\n               data-image-id=\"74\"\n               data-title=\"ListwaPomiarowa00\"\n               data-description=\"Listwy pomiarowe blacharskie\"\n               data-image-slug=\"listwapomiarowa00\"\n               class=\"ngg-fancybox\" rel=\"1800201e4ade7b35db0714981254057c\">\n                <img\n                    title=\"ListwaPomiarowa00\"\n                    alt=\"ListwaPomiarowa00\"\n                    src=\"https:\/\/ramynaprawcze.czest.pl\/wp-content\/gallery\/listwa-pomiarowa\/thumbs\/thumbs_ListwaPomiarowa00.jpg\"\n                    width=\"240\"\n                    height=\"160\"\n                    style=\"max-width:100%;\"\n                \/>\n            <\/a>\n        <\/div>\n\t\t\t\t\t\t\t<\/div> \n\t\t\t\n        \n\t\t\t\t<div id=\"ngg-image-1\" class=\"ngg-gallery-thumbnail-box\" >\n\t\t\t\t        <div class=\"ngg-gallery-thumbnail\">\n            <a href=\"https:\/\/ramynaprawcze.czest.pl\/wp-content\/gallery\/listwa-pomiarowa\/ListwaPomiarowa01.jpg\"\n               title=\"Listwy pomiarowe blacharskie\"\n               data-src=\"https:\/\/ramynaprawcze.czest.pl\/wp-content\/gallery\/listwa-pomiarowa\/ListwaPomiarowa01.jpg\"\n               data-thumbnail=\"https:\/\/ramynaprawcze.czest.pl\/wp-content\/gallery\/listwa-pomiarowa\/thumbs\/thumbs_ListwaPomiarowa01.jpg\"\n               data-image-id=\"75\"\n               data-title=\"Cyrkle blacharskie\"\n               data-description=\"Listwy pomiarowe blacharskie\"\n               data-image-slug=\"listwapomiarowa01\"\n               class=\"ngg-fancybox\" rel=\"1800201e4ade7b35db0714981254057c\">\n                <img\n                    title=\"Cyrkle blacharskie\"\n                    alt=\"Cyrkle blacharskie\"\n                    src=\"https:\/\/ramynaprawcze.czest.pl\/wp-content\/gallery\/listwa-pomiarowa\/thumbs\/thumbs_ListwaPomiarowa01.jpg\"\n                    width=\"240\"\n                    height=\"160\"\n                    style=\"max-width:100%;\"\n                \/>\n            <\/a>\n        <\/div>\n\t\t\t\t\t\t\t<\/div> \n\t\t\t\n        \n\t\t\t\t<div id=\"ngg-image-2\" class=\"ngg-gallery-thumbnail-box\" >\n\t\t\t\t        <div class=\"ngg-gallery-thumbnail\">\n            <a href=\"https:\/\/ramynaprawcze.czest.pl\/wp-content\/gallery\/listwa-pomiarowa\/ListwaPomiarowa02.jpg\"\n               title=\"Listwy pomiarowe blacharskie\"\n               data-src=\"https:\/\/ramynaprawcze.czest.pl\/wp-content\/gallery\/listwa-pomiarowa\/ListwaPomiarowa02.jpg\"\n               data-thumbnail=\"https:\/\/ramynaprawcze.czest.pl\/wp-content\/gallery\/listwa-pomiarowa\/thumbs\/thumbs_ListwaPomiarowa02.jpg\"\n               data-image-id=\"76\"\n               data-title=\"Listwy pomiarowe blacharskie\"\n               data-description=\"Listwy pomiarowe blacharskie\"\n               data-image-slug=\"listwapomiarowa02\"\n               class=\"ngg-fancybox\" rel=\"1800201e4ade7b35db0714981254057c\">\n                <img\n                    title=\"Listwy pomiarowe blacharskie\"\n                    alt=\"Listwy pomiarowe blacharskie\"\n                    src=\"https:\/\/ramynaprawcze.czest.pl\/wp-content\/gallery\/listwa-pomiarowa\/thumbs\/thumbs_ListwaPomiarowa02.jpg\"\n                    width=\"240\"\n                    height=\"160\"\n                    style=\"max-width:100%;\"\n                \/>\n            <\/a>\n        <\/div>\n\t\t\t\t\t\t\t<\/div> \n\t\t\t\n        \n\t\t\t\t<div id=\"ngg-image-3\" class=\"ngg-gallery-thumbnail-box\" >\n\t\t\t\t        <div class=\"ngg-gallery-thumbnail\">\n            <a href=\"https:\/\/ramynaprawcze.czest.pl\/wp-content\/gallery\/listwa-pomiarowa\/ListwaPomiarowa03.jpg\"\n               title=\"Listwy pomiarowe blacharskie\"\n               data-src=\"https:\/\/ramynaprawcze.czest.pl\/wp-content\/gallery\/listwa-pomiarowa\/ListwaPomiarowa03.jpg\"\n               data-thumbnail=\"https:\/\/ramynaprawcze.czest.pl\/wp-content\/gallery\/listwa-pomiarowa\/thumbs\/thumbs_ListwaPomiarowa03.jpg\"\n               data-image-id=\"77\"\n               data-title=\"Cyrkle blacharskie\"\n               data-description=\"Listwy pomiarowe blacharskie\"\n               data-image-slug=\"listwapomiarowa03\"\n               class=\"ngg-fancybox\" rel=\"1800201e4ade7b35db0714981254057c\">\n                <img\n                    title=\"Cyrkle blacharskie\"\n                    alt=\"Cyrkle blacharskie\"\n                    src=\"https:\/\/ramynaprawcze.czest.pl\/wp-content\/gallery\/listwa-pomiarowa\/thumbs\/thumbs_ListwaPomiarowa03.jpg\"\n                    width=\"240\"\n                    height=\"160\"\n                    style=\"max-width:100%;\"\n                \/>\n            <\/a>\n        <\/div>\n\t\t\t\t\t\t\t<\/div> \n\t\t\t\n        \n\t\t\t\t<div id=\"ngg-image-4\" class=\"ngg-gallery-thumbnail-box\" >\n\t\t\t\t        <div class=\"ngg-gallery-thumbnail\">\n            <a href=\"https:\/\/ramynaprawcze.czest.pl\/wp-content\/gallery\/listwa-pomiarowa\/ListwaPomiarowa04.jpg\"\n               title=\"Listwy pomiarowe blacharskie\"\n               data-src=\"https:\/\/ramynaprawcze.czest.pl\/wp-content\/gallery\/listwa-pomiarowa\/ListwaPomiarowa04.jpg\"\n               data-thumbnail=\"https:\/\/ramynaprawcze.czest.pl\/wp-content\/gallery\/listwa-pomiarowa\/thumbs\/thumbs_ListwaPomiarowa04.jpg\"\n               data-image-id=\"78\"\n               data-title=\"Listwy pomiarowe blacharskie\"\n               data-description=\"Listwy pomiarowe blacharskie\"\n               data-image-slug=\"listwapomiarowa04\"\n               class=\"ngg-fancybox\" rel=\"1800201e4ade7b35db0714981254057c\">\n                <img\n                    title=\"Listwy pomiarowe blacharskie\"\n                    alt=\"Listwy pomiarowe blacharskie\"\n                    src=\"https:\/\/ramynaprawcze.czest.pl\/wp-content\/gallery\/listwa-pomiarowa\/thumbs\/thumbs_ListwaPomiarowa04.jpg\"\n                    width=\"240\"\n                    height=\"160\"\n                    style=\"max-width:100%;\"\n                \/>\n            <\/a>\n        <\/div>\n\t\t\t\t\t\t\t<\/div> \n\t\t\t\n        \n\t\t\t\t<div id=\"ngg-image-5\" class=\"ngg-gallery-thumbnail-box\" >\n\t\t\t\t        <div class=\"ngg-gallery-thumbnail\">\n            <a href=\"https:\/\/ramynaprawcze.czest.pl\/wp-content\/gallery\/listwa-pomiarowa\/ListwaPomiarowa05.jpg\"\n               title=\"Listwy pomiarowe blacharskie\"\n               data-src=\"https:\/\/ramynaprawcze.czest.pl\/wp-content\/gallery\/listwa-pomiarowa\/ListwaPomiarowa05.jpg\"\n               data-thumbnail=\"https:\/\/ramynaprawcze.czest.pl\/wp-content\/gallery\/listwa-pomiarowa\/thumbs\/thumbs_ListwaPomiarowa05.jpg\"\n               data-image-id=\"79\"\n               data-title=\"Listwa pomiarowa\"\n               data-description=\"Listwy pomiarowe blacharskie\"\n               data-image-slug=\"listwapomiarowa05\"\n               class=\"ngg-fancybox\" rel=\"1800201e4ade7b35db0714981254057c\">\n                <img\n                    title=\"Listwa pomiarowa\"\n                    alt=\"Listwa pomiarowa\"\n                    src=\"https:\/\/ramynaprawcze.czest.pl\/wp-content\/gallery\/listwa-pomiarowa\/thumbs\/thumbs_ListwaPomiarowa05.jpg\"\n                    width=\"240\"\n                    height=\"160\"\n                    style=\"max-width:100%;\"\n                \/>\n            <\/a>\n        <\/div>\n\t\t\t\t\t\t\t<\/div> \n\t\t\t\n        \n\t\t\t\t<div id=\"ngg-image-6\" class=\"ngg-gallery-thumbnail-box\" >\n\t\t\t\t        <div class=\"ngg-gallery-thumbnail\">\n            <a href=\"https:\/\/ramynaprawcze.czest.pl\/wp-content\/gallery\/listwa-pomiarowa\/ListwaPomiarowa06.jpg\"\n               title=\"Listwy pomiarowe blacharskie\"\n               data-src=\"https:\/\/ramynaprawcze.czest.pl\/wp-content\/gallery\/listwa-pomiarowa\/ListwaPomiarowa06.jpg\"\n               data-thumbnail=\"https:\/\/ramynaprawcze.czest.pl\/wp-content\/gallery\/listwa-pomiarowa\/thumbs\/thumbs_ListwaPomiarowa06.jpg\"\n               data-image-id=\"80\"\n               data-title=\"Listwa pomiarowa\"\n               data-description=\"Listwy pomiarowe blacharskie\"\n               data-image-slug=\"listwapomiarowa06\"\n               class=\"ngg-fancybox\" rel=\"1800201e4ade7b35db0714981254057c\">\n                <img\n                    title=\"Listwa pomiarowa\"\n                    alt=\"Listwa pomiarowa\"\n                    src=\"https:\/\/ramynaprawcze.czest.pl\/wp-content\/gallery\/listwa-pomiarowa\/thumbs\/thumbs_ListwaPomiarowa06.jpg\"\n                    width=\"240\"\n                    height=\"160\"\n                    style=\"max-width:100%;\"\n                \/>\n            <\/a>\n        <\/div>\n\t\t\t\t\t\t\t<\/div> \n\t\t\t\n        \n\t\t\t\t<div id=\"ngg-image-7\" class=\"ngg-gallery-thumbnail-box\" >\n\t\t\t\t        <div class=\"ngg-gallery-thumbnail\">\n            <a href=\"https:\/\/ramynaprawcze.czest.pl\/wp-content\/gallery\/listwa-pomiarowa\/ListwaPomiarowa07.jpg\"\n               title=\"Listwy pomiarowe blacharskie\"\n               data-src=\"https:\/\/ramynaprawcze.czest.pl\/wp-content\/gallery\/listwa-pomiarowa\/ListwaPomiarowa07.jpg\"\n               data-thumbnail=\"https:\/\/ramynaprawcze.czest.pl\/wp-content\/gallery\/listwa-pomiarowa\/thumbs\/thumbs_ListwaPomiarowa07.jpg\"\n               data-image-id=\"81\"\n               data-title=\"Przymiar blacharski\"\n               data-description=\"Listwy pomiarowe blacharskie\"\n               data-image-slug=\"listwapomiarowa07\"\n               class=\"ngg-fancybox\" rel=\"1800201e4ade7b35db0714981254057c\">\n                <img\n                    title=\"Przymiar blacharski\"\n                    alt=\"Przymiar blacharski\"\n                    src=\"https:\/\/ramynaprawcze.czest.pl\/wp-content\/gallery\/listwa-pomiarowa\/thumbs\/thumbs_ListwaPomiarowa07.jpg\"\n                    width=\"240\"\n                    height=\"160\"\n                    style=\"max-width:100%;\"\n                \/>\n            <\/a>\n        <\/div>\n\t\t\t\t\t\t\t<\/div> \n\t\t\t\n        \n\t\t\n\t\t<!-- Pagination -->\n\t<div class='ngg-clear'><\/div>\t<\/div>\n\n","protected":false},"excerpt":{"rendered":"<p>Listwy pomiarowe blacharskie popularnie nazywane cyrklami s\u0142u\u017c\u0105 do referencyjnych pomiar\u00f3w karoserii samochodowej. Zapraszamy do zapoznania si\u0119 z galeri\u0105 produktu, kt\u00f3ry mo\u017cna zakupi\u0107&nbsp;w serwisie Allegro&nbsp;lub w&nbsp;naszym sklepie BOMET.<\/p>\n","protected":false},"author":1,"featured_media":0,"parent":121,"menu_order":0,"comment_status":"closed","ping_status":"closed","template":"","meta":{"ngg_post_thumbnail":0},"yoast_head":"<!-- This site is optimized with the Yoast SEO plugin v19.6.1 - https:\/\/yoast.com\/wordpress\/plugins\/seo\/ -->\n<title>Listwy pomiarowe blacharskie cyrkle - PPUH BOMET<\/title>\n<meta name=\"description\" content=\"Listwy pomiarowe blacharskie kt\u00f3re pa\u0144stwu oferujemy, wykonane s\u0105 r\u0119cznie przez polskiego producenta. Gwarantujemy najwy\u017csz\u0105 jako\u015b\u0107 w przyst\u0119pnej cenie\" \/>\n<meta name=\"robots\" content=\"index, follow, max-snippet:-1, max-image-preview:large, max-video-preview:-1\" \/>\n<link rel=\"canonical\" href=\"https:\/\/ramynaprawcze.czest.pl\/index.php\/wyposazenie-warsztatow-blacharskich\/listwy-pomiarowe-blacharskie\/\" \/>\n<meta property=\"og:locale\" content=\"pl_PL\" \/>\n<meta property=\"og:type\" content=\"article\" \/>\n<meta property=\"og:title\" content=\"Listwy pomiarowe blacharskie cyrkle - PPUH BOMET\" \/>\n<meta property=\"og:description\" content=\"Listwy pomiarowe blacharskie kt\u00f3re pa\u0144stwu oferujemy, wykonane s\u0105 r\u0119cznie przez polskiego producenta. Gwarantujemy najwy\u017csz\u0105 jako\u015b\u0107 w przyst\u0119pnej cenie\" \/>\n<meta property=\"og:url\" content=\"https:\/\/ramynaprawcze.czest.pl\/index.php\/wyposazenie-warsztatow-blacharskich\/listwy-pomiarowe-blacharskie\/\" \/>\n<meta property=\"og:site_name\" content=\"PPUH BOMET\" \/>\n<meta property=\"article:modified_time\" content=\"2019-05-15T12:12:29+00:00\" \/>\n<meta name=\"twitter:card\" content=\"summary_large_image\" \/>\n<script type=\"application\/ld+json\" class=\"yoast-schema-graph\">{\"@context\":\"https:\/\/schema.org\",\"@graph\":[{\"@type\":\"WebPage\",\"@id\":\"https:\/\/ramynaprawcze.czest.pl\/index.php\/wyposazenie-warsztatow-blacharskich\/listwy-pomiarowe-blacharskie\/\",\"url\":\"https:\/\/ramynaprawcze.czest.pl\/index.php\/wyposazenie-warsztatow-blacharskich\/listwy-pomiarowe-blacharskie\/\",\"name\":\"Listwy pomiarowe blacharskie cyrkle - PPUH BOMET\",\"isPartOf\":{\"@id\":\"https:\/\/ramynaprawcze.czest.pl\/#website\"},\"datePublished\":\"2018-06-27T20:25:55+00:00\",\"dateModified\":\"2019-05-15T12:12:29+00:00\",\"description\":\"Listwy pomiarowe blacharskie kt\u00f3re pa\u0144stwu oferujemy, wykonane s\u0105 r\u0119cznie przez polskiego producenta. Gwarantujemy najwy\u017csz\u0105 jako\u015b\u0107 w przyst\u0119pnej cenie\",\"breadcrumb\":{\"@id\":\"https:\/\/ramynaprawcze.czest.pl\/index.php\/wyposazenie-warsztatow-blacharskich\/listwy-pomiarowe-blacharskie\/#breadcrumb\"},\"inLanguage\":\"pl-PL\",\"potentialAction\":[{\"@type\":\"ReadAction\",\"target\":[\"https:\/\/ramynaprawcze.czest.pl\/index.php\/wyposazenie-warsztatow-blacharskich\/listwy-pomiarowe-blacharskie\/\"]}]},{\"@type\":\"BreadcrumbList\",\"@id\":\"https:\/\/ramynaprawcze.czest.pl\/index.php\/wyposazenie-warsztatow-blacharskich\/listwy-pomiarowe-blacharskie\/#breadcrumb\",\"itemListElement\":[{\"@type\":\"ListItem\",\"position\":1,\"name\":\"Strona g\u0142\u00f3wna\",\"item\":\"https:\/\/ramynaprawcze.czest.pl\/\"},{\"@type\":\"ListItem\",\"position\":2,\"name\":\"Wyposa\u017cenie warsztat\u00f3w blacharskich &#8211; Oferta\",\"item\":\"https:\/\/ramynaprawcze.czest.pl\/index.php\/wyposazenie-warsztatow-blacharskich\/\"},{\"@type\":\"ListItem\",\"position\":3,\"name\":\"Listwy pomiarowe blacharskie cyrkle\"}]},{\"@type\":\"WebSite\",\"@id\":\"https:\/\/ramynaprawcze.czest.pl\/#website\",\"url\":\"https:\/\/ramynaprawcze.czest.pl\/\",\"name\":\"PPUH BOMET\",\"description\":\"Ramy naprawcze i akcesoria\",\"potentialAction\":[{\"@type\":\"SearchAction\",\"target\":{\"@type\":\"EntryPoint\",\"urlTemplate\":\"https:\/\/ramynaprawcze.czest.pl\/?s={search_term_string}\"},\"query-input\":\"required name=search_term_string\"}],\"inLanguage\":\"pl-PL\"}]}<\/script>\n<!-- \/ Yoast SEO plugin. -->","yoast_head_json":{"title":"Listwy pomiarowe blacharskie cyrkle - PPUH BOMET","description":"Listwy pomiarowe blacharskie kt\u00f3re pa\u0144stwu oferujemy, wykonane s\u0105 r\u0119cznie przez polskiego producenta. Gwarantujemy najwy\u017csz\u0105 jako\u015b\u0107 w przyst\u0119pnej cenie","robots":{"index":"index","follow":"follow","max-snippet":"max-snippet:-1","max-image-preview":"max-image-preview:large","max-video-preview":"max-video-preview:-1"},"canonical":"https:\/\/ramynaprawcze.czest.pl\/index.php\/wyposazenie-warsztatow-blacharskich\/listwy-pomiarowe-blacharskie\/","og_locale":"pl_PL","og_type":"article","og_title":"Listwy pomiarowe blacharskie cyrkle - PPUH BOMET","og_description":"Listwy pomiarowe blacharskie kt\u00f3re pa\u0144stwu oferujemy, wykonane s\u0105 r\u0119cznie przez polskiego producenta. Gwarantujemy najwy\u017csz\u0105 jako\u015b\u0107 w przyst\u0119pnej cenie","og_url":"https:\/\/ramynaprawcze.czest.pl\/index.php\/wyposazenie-warsztatow-blacharskich\/listwy-pomiarowe-blacharskie\/","og_site_name":"PPUH BOMET","article_modified_time":"2019-05-15T12:12:29+00:00","twitter_card":"summary_large_image","schema":{"@context":"https:\/\/schema.org","@graph":[{"@type":"WebPage","@id":"https:\/\/ramynaprawcze.czest.pl\/index.php\/wyposazenie-warsztatow-blacharskich\/listwy-pomiarowe-blacharskie\/","url":"https:\/\/ramynaprawcze.czest.pl\/index.php\/wyposazenie-warsztatow-blacharskich\/listwy-pomiarowe-blacharskie\/","name":"Listwy pomiarowe blacharskie cyrkle - PPUH BOMET","isPartOf":{"@id":"https:\/\/ramynaprawcze.czest.pl\/#website"},"datePublished":"2018-06-27T20:25:55+00:00","dateModified":"2019-05-15T12:12:29+00:00","description":"Listwy pomiarowe blacharskie kt\u00f3re pa\u0144stwu oferujemy, wykonane s\u0105 r\u0119cznie przez polskiego producenta. Gwarantujemy najwy\u017csz\u0105 jako\u015b\u0107 w przyst\u0119pnej cenie","breadcrumb":{"@id":"https:\/\/ramynaprawcze.czest.pl\/index.php\/wyposazenie-warsztatow-blacharskich\/listwy-pomiarowe-blacharskie\/#breadcrumb"},"inLanguage":"pl-PL","potentialAction":[{"@type":"ReadAction","target":["https:\/\/ramynaprawcze.czest.pl\/index.php\/wyposazenie-warsztatow-blacharskich\/listwy-pomiarowe-blacharskie\/"]}]},{"@type":"BreadcrumbList","@id":"https:\/\/ramynaprawcze.czest.pl\/index.php\/wyposazenie-warsztatow-blacharskich\/listwy-pomiarowe-blacharskie\/#breadcrumb","itemListElement":[{"@type":"ListItem","position":1,"name":"Strona g\u0142\u00f3wna","item":"https:\/\/ramynaprawcze.czest.pl\/"},{"@type":"ListItem","position":2,"name":"Wyposa\u017cenie warsztat\u00f3w blacharskich &#8211; Oferta","item":"https:\/\/ramynaprawcze.czest.pl\/index.php\/wyposazenie-warsztatow-blacharskich\/"},{"@type":"ListItem","position":3,"name":"Listwy pomiarowe blacharskie cyrkle"}]},{"@type":"WebSite","@id":"https:\/\/ramynaprawcze.czest.pl\/#website","url":"https:\/\/ramynaprawcze.czest.pl\/","name":"PPUH BOMET","description":"Ramy naprawcze i akcesoria","potentialAction":[{"@type":"SearchAction","target":{"@type":"EntryPoint","urlTemplate":"https:\/\/ramynaprawcze.czest.pl\/?s={search_term_string}"},"query-input":"required name=search_term_string"}],"inLanguage":"pl-PL"}]}},"_links":{"self":[{"href":"https:\/\/ramynaprawcze.czest.pl\/index.php\/wp-json\/wp\/v2\/pages\/424"}],"collection":[{"href":"https:\/\/ramynaprawcze.czest.pl\/index.php\/wp-json\/wp\/v2\/pages"}],"about":[{"href":"https:\/\/ramynaprawcze.czest.pl\/index.php\/wp-json\/wp\/v2\/types\/page"}],"author":[{"embeddable":true,"href":"https:\/\/ramynaprawcze.czest.pl\/index.php\/wp-json\/wp\/v2\/users\/1"}],"replies":[{"embeddable":true,"href":"https:\/\/ramynaprawcze.czest.pl\/index.php\/wp-json\/wp\/v2\/comments?post=424"}],"version-history":[{"count":4,"href":"https:\/\/ramynaprawcze.czest.pl\/index.php\/wp-json\/wp\/v2\/pages\/424\/revisions"}],"predecessor-version":[{"id":513,"href":"https:\/\/ramynaprawcze.czest.pl\/index.php\/wp-json\/wp\/v2\/pages\/424\/revisions\/513"}],"up":[{"embeddable":true,"href":"https:\/\/ramynaprawcze.czest.pl\/index.php\/wp-json\/wp\/v2\/pages\/121"}],"wp:attachment":[{"href":"https:\/\/ramynaprawcze.czest.pl\/index.php\/wp-json\/wp\/v2\/media?parent=424"}],"curies":[{"name":"wp","href":"https:\/\/api.w.org\/{rel}","templated":true}]}}