{"id":379,"date":"2018-06-27T20:43:13","date_gmt":"2018-06-27T18:43:13","guid":{"rendered":"http:\/\/ramynaprawcze.czest.pl\/?page_id=379"},"modified":"2019-05-15T14:09:14","modified_gmt":"2019-05-15T12:09:14","slug":"oprzyrzadowanie-ram-naprawczych","status":"publish","type":"page","link":"https:\/\/ramynaprawcze.czest.pl\/index.php\/wyposazenie-warsztatow-blacharskich\/oprzyrzadowanie-ram-naprawczych\/","title":{"rendered":"Oprzyrz\u0105dowanie ram naprawczych"},"content":{"rendered":"<!-- index.php -->\n<div\n\tclass=\"ngg-galleryoverview ngg-ajax-pagination-none\"\n\tid=\"ngg-gallery-8dd06ec822383e5ee2f0a71ce2f30479-1\">\n\n    \t\t<!-- Thumbnails -->\n\t\t\t\t<div id=\"ngg-image-0\" class=\"ngg-gallery-thumbnail-box\" >\n\t\t\t\t        <div class=\"ngg-gallery-thumbnail\">\n            <a href=\"https:\/\/ramynaprawcze.czest.pl\/wp-content\/gallery\/oprzyrzadowanie-ram\/O2D.jpg\"\n               title=\"Podstawka klamry\"\n               data-src=\"https:\/\/ramynaprawcze.czest.pl\/wp-content\/gallery\/oprzyrzadowanie-ram\/O2D.jpg\"\n               data-thumbnail=\"https:\/\/ramynaprawcze.czest.pl\/wp-content\/gallery\/oprzyrzadowanie-ram\/thumbs\/thumbs_O2D.jpg\"\n               data-image-id=\"62\"\n               data-title=\"Podstawka klamry blacharskiej\"\n               data-description=\"Podstawka klamry\"\n               data-image-slug=\"o2d\"\n               class=\"ngg-fancybox\" rel=\"8dd06ec822383e5ee2f0a71ce2f30479\">\n                <img\n                    title=\"Podstawka klamry blacharskiej\"\n                    alt=\"Podstawka klamry blacharskiej\"\n                    src=\"https:\/\/ramynaprawcze.czest.pl\/wp-content\/gallery\/oprzyrzadowanie-ram\/thumbs\/thumbs_O2D.jpg\"\n                    width=\"240\"\n                    height=\"160\"\n                    style=\"max-width:100%;\"\n                \/>\n            <\/a>\n        <\/div>\n\t\t\t\t\t\t\t<\/div> \n\t\t\t\n        \n\t\t\t\t<div id=\"ngg-image-1\" class=\"ngg-gallery-thumbnail-box\" >\n\t\t\t\t        <div class=\"ngg-gallery-thumbnail\">\n            <a href=\"https:\/\/ramynaprawcze.czest.pl\/wp-content\/gallery\/oprzyrzadowanie-ram\/O3D.jpg\"\n               title=\"Rolka zmieniaj\u0105ca wektor naci\u0105gania\"\n               data-src=\"https:\/\/ramynaprawcze.czest.pl\/wp-content\/gallery\/oprzyrzadowanie-ram\/O3D.jpg\"\n               data-thumbnail=\"https:\/\/ramynaprawcze.czest.pl\/wp-content\/gallery\/oprzyrzadowanie-ram\/thumbs\/thumbs_O3D.jpg\"\n               data-image-id=\"63\"\n               data-title=\"Rolka naci\u0105g\"\n               data-description=\"Rolka zmieniaj\u0105ca wektor naci\u0105gania\"\n               data-image-slug=\"o3d\"\n               class=\"ngg-fancybox\" rel=\"8dd06ec822383e5ee2f0a71ce2f30479\">\n                <img\n                    title=\"Rolka naci\u0105g\"\n                    alt=\"Rolka naci\u0105g\"\n                    src=\"https:\/\/ramynaprawcze.czest.pl\/wp-content\/gallery\/oprzyrzadowanie-ram\/thumbs\/thumbs_O3D.jpg\"\n                    width=\"240\"\n                    height=\"160\"\n                    style=\"max-width:100%;\"\n                \/>\n            <\/a>\n        <\/div>\n\t\t\t\t\t\t\t<\/div> \n\t\t\t\n        \n\t\t\t\t<div id=\"ngg-image-2\" class=\"ngg-gallery-thumbnail-box\" >\n\t\t\t\t        <div class=\"ngg-gallery-thumbnail\">\n            <a href=\"https:\/\/ramynaprawcze.czest.pl\/wp-content\/gallery\/oprzyrzadowanie-ram\/O4D.jpg\"\n               title=\"Tablica narz\u0119dziowa\"\n               data-src=\"https:\/\/ramynaprawcze.czest.pl\/wp-content\/gallery\/oprzyrzadowanie-ram\/O4D.jpg\"\n               data-thumbnail=\"https:\/\/ramynaprawcze.czest.pl\/wp-content\/gallery\/oprzyrzadowanie-ram\/thumbs\/thumbs_O4D.jpg\"\n               data-image-id=\"64\"\n               data-title=\"Tablica narz\u0119dziowa\"\n               data-description=\"Tablica narz\u0119dziowa\"\n               data-image-slug=\"o4d\"\n               class=\"ngg-fancybox\" rel=\"8dd06ec822383e5ee2f0a71ce2f30479\">\n                <img\n                    title=\"Tablica narz\u0119dziowa\"\n                    alt=\"Tablica narz\u0119dziowa\"\n                    src=\"https:\/\/ramynaprawcze.czest.pl\/wp-content\/gallery\/oprzyrzadowanie-ram\/thumbs\/thumbs_O4D.jpg\"\n                    width=\"240\"\n                    height=\"160\"\n                    style=\"max-width:100%;\"\n                \/>\n            <\/a>\n        <\/div>\n\t\t\t\t\t\t\t<\/div> \n\t\t\t\n        \n\t\t\t\t<div id=\"ngg-image-3\" class=\"ngg-gallery-thumbnail-box\" >\n\t\t\t\t        <div class=\"ngg-gallery-thumbnail\">\n            <a href=\"https:\/\/ramynaprawcze.czest.pl\/wp-content\/gallery\/oprzyrzadowanie-ram\/O5D.jpg\"\n               title=\"W\u00f3zek narz\u0119dziowy\"\n               data-src=\"https:\/\/ramynaprawcze.czest.pl\/wp-content\/gallery\/oprzyrzadowanie-ram\/O5D.jpg\"\n               data-thumbnail=\"https:\/\/ramynaprawcze.czest.pl\/wp-content\/gallery\/oprzyrzadowanie-ram\/thumbs\/thumbs_O5D.jpg\"\n               data-image-id=\"65\"\n               data-title=\"W\u00f3zek narz\u0119dziowy\"\n               data-description=\"W\u00f3zek narz\u0119dziowy\"\n               data-image-slug=\"o5d\"\n               class=\"ngg-fancybox\" rel=\"8dd06ec822383e5ee2f0a71ce2f30479\">\n                <img\n                    title=\"W\u00f3zek narz\u0119dziowy\"\n                    alt=\"W\u00f3zek narz\u0119dziowy\"\n                    src=\"https:\/\/ramynaprawcze.czest.pl\/wp-content\/gallery\/oprzyrzadowanie-ram\/thumbs\/thumbs_O5D.jpg\"\n                    width=\"240\"\n                    height=\"160\"\n                    style=\"max-width:100%;\"\n                \/>\n            <\/a>\n        <\/div>\n\t\t\t\t\t\t\t<\/div> \n\t\t\t\n        \n\t\t\t\t<div id=\"ngg-image-4\" class=\"ngg-gallery-thumbnail-box\" >\n\t\t\t\t        <div class=\"ngg-gallery-thumbnail\">\n            <a href=\"https:\/\/ramynaprawcze.czest.pl\/wp-content\/gallery\/oprzyrzadowanie-ram\/O6D.jpg\"\n               title=\"Siatka narz\u0119dziowa\"\n               data-src=\"https:\/\/ramynaprawcze.czest.pl\/wp-content\/gallery\/oprzyrzadowanie-ram\/O6D.jpg\"\n               data-thumbnail=\"https:\/\/ramynaprawcze.czest.pl\/wp-content\/gallery\/oprzyrzadowanie-ram\/thumbs\/thumbs_O6D.jpg\"\n               data-image-id=\"66\"\n               data-title=\"Siatka narz\u0119dziowa\"\n               data-description=\"Siatka narz\u0119dziowa\"\n               data-image-slug=\"o6d\"\n               class=\"ngg-fancybox\" rel=\"8dd06ec822383e5ee2f0a71ce2f30479\">\n                <img\n                    title=\"Siatka narz\u0119dziowa\"\n                    alt=\"Siatka narz\u0119dziowa\"\n                    src=\"https:\/\/ramynaprawcze.czest.pl\/wp-content\/gallery\/oprzyrzadowanie-ram\/thumbs\/thumbs_O6D.jpg\"\n                    width=\"240\"\n                    height=\"160\"\n                    style=\"max-width:100%;\"\n                \/>\n            <\/a>\n        <\/div>\n\t\t\t\t\t\t\t<\/div> \n\t\t\t\n        \n\t\t\t\t<div id=\"ngg-image-5\" class=\"ngg-gallery-thumbnail-box\" >\n\t\t\t\t        <div class=\"ngg-gallery-thumbnail\">\n            <a href=\"https:\/\/ramynaprawcze.czest.pl\/wp-content\/gallery\/oprzyrzadowanie-ram\/O7D.jpg\"\n               title=\"Koszyk druciany\"\n               data-src=\"https:\/\/ramynaprawcze.czest.pl\/wp-content\/gallery\/oprzyrzadowanie-ram\/O7D.jpg\"\n               data-thumbnail=\"https:\/\/ramynaprawcze.czest.pl\/wp-content\/gallery\/oprzyrzadowanie-ram\/thumbs\/thumbs_O7D.jpg\"\n               data-image-id=\"67\"\n               data-title=\"Koszyk druciany\"\n               data-description=\"Koszyk druciany\"\n               data-image-slug=\"o7d\"\n               class=\"ngg-fancybox\" rel=\"8dd06ec822383e5ee2f0a71ce2f30479\">\n                <img\n                    title=\"Koszyk druciany\"\n                    alt=\"Koszyk druciany\"\n                    src=\"https:\/\/ramynaprawcze.czest.pl\/wp-content\/gallery\/oprzyrzadowanie-ram\/thumbs\/thumbs_O7D.jpg\"\n                    width=\"240\"\n                    height=\"160\"\n                    style=\"max-width:100%;\"\n                \/>\n            <\/a>\n        <\/div>\n\t\t\t\t\t\t\t<\/div> \n\t\t\t\n        \n\t\t\t\t<div id=\"ngg-image-6\" class=\"ngg-gallery-thumbnail-box\" >\n\t\t\t\t        <div class=\"ngg-gallery-thumbnail\">\n            <a href=\"https:\/\/ramynaprawcze.czest.pl\/wp-content\/gallery\/oprzyrzadowanie-ram\/O8D.jpg\"\n               title=\"\u0141a\u0144cuch blacharski z jednym hakiem\"\n               data-src=\"https:\/\/ramynaprawcze.czest.pl\/wp-content\/gallery\/oprzyrzadowanie-ram\/O8D.jpg\"\n               data-thumbnail=\"https:\/\/ramynaprawcze.czest.pl\/wp-content\/gallery\/oprzyrzadowanie-ram\/thumbs\/thumbs_O8D.jpg\"\n               data-image-id=\"68\"\n               data-title=\"\u0141a\u0144cuch blacharski z hakiem\"\n               data-description=\"\u0141a\u0144cuch blacharski z jednym hakiem\"\n               data-image-slug=\"o8d\"\n               class=\"ngg-fancybox\" rel=\"8dd06ec822383e5ee2f0a71ce2f30479\">\n                <img\n                    title=\"\u0141a\u0144cuch blacharski z hakiem\"\n                    alt=\"\u0141a\u0144cuch blacharski z hakiem\"\n                    src=\"https:\/\/ramynaprawcze.czest.pl\/wp-content\/gallery\/oprzyrzadowanie-ram\/thumbs\/thumbs_O8D.jpg\"\n                    width=\"240\"\n                    height=\"160\"\n                    style=\"max-width:100%;\"\n                \/>\n            <\/a>\n        <\/div>\n\t\t\t\t\t\t\t<\/div> \n\t\t\t\n        \n\t\t\t\t<div id=\"ngg-image-7\" class=\"ngg-gallery-thumbnail-box\" >\n\t\t\t\t        <div class=\"ngg-gallery-thumbnail\">\n            <a href=\"https:\/\/ramynaprawcze.czest.pl\/wp-content\/gallery\/oprzyrzadowanie-ram\/O9D.jpg\"\n               title=\"\u0141a\u0144cuch blacharski z dwoma hakami\"\n               data-src=\"https:\/\/ramynaprawcze.czest.pl\/wp-content\/gallery\/oprzyrzadowanie-ram\/O9D.jpg\"\n               data-thumbnail=\"https:\/\/ramynaprawcze.czest.pl\/wp-content\/gallery\/oprzyrzadowanie-ram\/thumbs\/thumbs_O9D.jpg\"\n               data-image-id=\"69\"\n               data-title=\"\u0141a\u0144cuch blacharski\"\n               data-description=\"\u0141a\u0144cuch blacharski z dwoma hakami\"\n               data-image-slug=\"o9d\"\n               class=\"ngg-fancybox\" rel=\"8dd06ec822383e5ee2f0a71ce2f30479\">\n                <img\n                    title=\"\u0141a\u0144cuch blacharski\"\n                    alt=\"\u0141a\u0144cuch blacharski\"\n                    src=\"https:\/\/ramynaprawcze.czest.pl\/wp-content\/gallery\/oprzyrzadowanie-ram\/thumbs\/thumbs_O9D.jpg\"\n                    width=\"240\"\n                    height=\"160\"\n                    style=\"max-width:100%;\"\n                \/>\n            <\/a>\n        <\/div>\n\t\t\t\t\t\t\t<\/div> \n\t\t\t\n        \n\t\t\t\t<div id=\"ngg-image-8\" class=\"ngg-gallery-thumbnail-box\" >\n\t\t\t\t        <div class=\"ngg-gallery-thumbnail\">\n            <a href=\"https:\/\/ramynaprawcze.czest.pl\/wp-content\/gallery\/oprzyrzadowanie-ram\/O10D.jpg\"\n               title=\"Skr\u00f3tnik \u0142a\u0144cucha\"\n               data-src=\"https:\/\/ramynaprawcze.czest.pl\/wp-content\/gallery\/oprzyrzadowanie-ram\/O10D.jpg\"\n               data-thumbnail=\"https:\/\/ramynaprawcze.czest.pl\/wp-content\/gallery\/oprzyrzadowanie-ram\/thumbs\/thumbs_O10D.jpg\"\n               data-image-id=\"70\"\n               data-title=\"Skr\u00f3tnik \u0142a\u0144cucha\"\n               data-description=\"Skr\u00f3tnik \u0142a\u0144cucha\"\n               data-image-slug=\"o10d\"\n               class=\"ngg-fancybox\" rel=\"8dd06ec822383e5ee2f0a71ce2f30479\">\n                <img\n                    title=\"Skr\u00f3tnik \u0142a\u0144cucha\"\n                    alt=\"Skr\u00f3tnik \u0142a\u0144cucha\"\n                    src=\"https:\/\/ramynaprawcze.czest.pl\/wp-content\/gallery\/oprzyrzadowanie-ram\/thumbs\/thumbs_O10D.jpg\"\n                    width=\"240\"\n                    height=\"160\"\n                    style=\"max-width:100%;\"\n                \/>\n            <\/a>\n        <\/div>\n\t\t\t\t\t\t\t<\/div> \n\t\t\t\n        \n\t\t\t\t<div id=\"ngg-image-9\" class=\"ngg-gallery-thumbnail-box\" >\n\t\t\t\t        <div class=\"ngg-gallery-thumbnail\">\n            <a href=\"https:\/\/ramynaprawcze.czest.pl\/wp-content\/gallery\/oprzyrzadowanie-ram\/O11D.jpg\"\n               title=\"Odci\u0105g \u0142a\u0144cucha\"\n               data-src=\"https:\/\/ramynaprawcze.czest.pl\/wp-content\/gallery\/oprzyrzadowanie-ram\/O11D.jpg\"\n               data-thumbnail=\"https:\/\/ramynaprawcze.czest.pl\/wp-content\/gallery\/oprzyrzadowanie-ram\/thumbs\/thumbs_O11D.jpg\"\n               data-image-id=\"71\"\n               data-title=\"Odci\u0105g \u0142a\u0144cucha\"\n               data-description=\"Odci\u0105g \u0142a\u0144cucha\"\n               data-image-slug=\"o11d\"\n               class=\"ngg-fancybox\" rel=\"8dd06ec822383e5ee2f0a71ce2f30479\">\n                <img\n                    title=\"Odci\u0105g \u0142a\u0144cucha\"\n                    alt=\"Odci\u0105g \u0142a\u0144cucha\"\n                    src=\"https:\/\/ramynaprawcze.czest.pl\/wp-content\/gallery\/oprzyrzadowanie-ram\/thumbs\/thumbs_O11D.jpg\"\n                    width=\"240\"\n                    height=\"160\"\n                    style=\"max-width:100%;\"\n                \/>\n            <\/a>\n        <\/div>\n\t\t\t\t\t\t\t<\/div> \n\t\t\t\n        \n\t\t\t\t<div id=\"ngg-image-10\" class=\"ngg-gallery-thumbnail-box\" >\n\t\t\t\t        <div class=\"ngg-gallery-thumbnail\">\n            <a href=\"https:\/\/ramynaprawcze.czest.pl\/wp-content\/gallery\/oprzyrzadowanie-ram\/O12D.jpg\"\n               title=\"Listwy pomiarowe\"\n               data-src=\"https:\/\/ramynaprawcze.czest.pl\/wp-content\/gallery\/oprzyrzadowanie-ram\/O12D.jpg\"\n               data-thumbnail=\"https:\/\/ramynaprawcze.czest.pl\/wp-content\/gallery\/oprzyrzadowanie-ram\/thumbs\/thumbs_O12D.jpg\"\n               data-image-id=\"72\"\n               data-title=\"Listwy pomiarowe blacharskie\"\n               data-description=\"Listwy pomiarowe\"\n               data-image-slug=\"o12d\"\n               class=\"ngg-fancybox\" rel=\"8dd06ec822383e5ee2f0a71ce2f30479\">\n                <img\n                    title=\"Listwy pomiarowe blacharskie\"\n                    alt=\"Listwy pomiarowe blacharskie\"\n                    src=\"https:\/\/ramynaprawcze.czest.pl\/wp-content\/gallery\/oprzyrzadowanie-ram\/thumbs\/thumbs_O12D.jpg\"\n                    width=\"240\"\n                    height=\"160\"\n                    style=\"max-width:100%;\"\n                \/>\n            <\/a>\n        <\/div>\n\t\t\t\t\t\t\t<\/div> \n\t\t\t\n        \n\t\t\t\t<div id=\"ngg-image-11\" class=\"ngg-gallery-thumbnail-box\" >\n\t\t\t\t        <div class=\"ngg-gallery-thumbnail\">\n            <a href=\"https:\/\/ramynaprawcze.czest.pl\/wp-content\/gallery\/oprzyrzadowanie-ram\/O13D.jpg\"\n               title=\"M\u0142otki blacharskie PDR\"\n               data-src=\"https:\/\/ramynaprawcze.czest.pl\/wp-content\/gallery\/oprzyrzadowanie-ram\/O13D.jpg\"\n               data-thumbnail=\"https:\/\/ramynaprawcze.czest.pl\/wp-content\/gallery\/oprzyrzadowanie-ram\/thumbs\/thumbs_O13D.jpg\"\n               data-image-id=\"73\"\n               data-title=\"M\u0142otki PDR\"\n               data-description=\"M\u0142otki blacharskie PDR\"\n               data-image-slug=\"o13d\"\n               class=\"ngg-fancybox\" rel=\"8dd06ec822383e5ee2f0a71ce2f30479\">\n                <img\n                    title=\"M\u0142otki PDR\"\n                    alt=\"M\u0142otki PDR\"\n                    src=\"https:\/\/ramynaprawcze.czest.pl\/wp-content\/gallery\/oprzyrzadowanie-ram\/thumbs\/thumbs_O13D.jpg\"\n                    width=\"240\"\n                    height=\"160\"\n                    style=\"max-width:100%;\"\n                \/>\n            <\/a>\n        <\/div>\n\t\t\t\t\t\t\t<\/div> \n\t\t\t\n        \n\t\t\n\t\t<!-- Pagination -->\n\t<div class='ngg-clear'><\/div>\t<\/div>\n\n","protected":false},"excerpt":{"rendered":"","protected":false},"author":1,"featured_media":0,"parent":121,"menu_order":0,"comment_status":"closed","ping_status":"closed","template":"","meta":{"ngg_post_thumbnail":0},"yoast_head":"<!-- This site is optimized with the Yoast SEO plugin v19.6.1 - https:\/\/yoast.com\/wordpress\/plugins\/seo\/ -->\n<title>Oprzyrz\u0105dowanie ram naprawczych - PPUH BOMET<\/title>\n<meta name=\"robots\" content=\"index, follow, max-snippet:-1, max-image-preview:large, max-video-preview:-1\" \/>\n<link rel=\"canonical\" href=\"https:\/\/ramynaprawcze.czest.pl\/index.php\/wyposazenie-warsztatow-blacharskich\/oprzyrzadowanie-ram-naprawczych\/\" \/>\n<meta property=\"og:locale\" content=\"pl_PL\" \/>\n<meta property=\"og:type\" content=\"article\" \/>\n<meta property=\"og:title\" content=\"Oprzyrz\u0105dowanie ram naprawczych - PPUH BOMET\" \/>\n<meta property=\"og:url\" content=\"https:\/\/ramynaprawcze.czest.pl\/index.php\/wyposazenie-warsztatow-blacharskich\/oprzyrzadowanie-ram-naprawczych\/\" \/>\n<meta property=\"og:site_name\" content=\"PPUH BOMET\" \/>\n<meta property=\"article:modified_time\" content=\"2019-05-15T12:09:14+00:00\" \/>\n<meta name=\"twitter:card\" content=\"summary_large_image\" \/>\n<script type=\"application\/ld+json\" class=\"yoast-schema-graph\">{\"@context\":\"https:\/\/schema.org\",\"@graph\":[{\"@type\":\"WebPage\",\"@id\":\"https:\/\/ramynaprawcze.czest.pl\/index.php\/wyposazenie-warsztatow-blacharskich\/oprzyrzadowanie-ram-naprawczych\/\",\"url\":\"https:\/\/ramynaprawcze.czest.pl\/index.php\/wyposazenie-warsztatow-blacharskich\/oprzyrzadowanie-ram-naprawczych\/\",\"name\":\"Oprzyrz\u0105dowanie ram naprawczych - PPUH BOMET\",\"isPartOf\":{\"@id\":\"https:\/\/ramynaprawcze.czest.pl\/#website\"},\"datePublished\":\"2018-06-27T18:43:13+00:00\",\"dateModified\":\"2019-05-15T12:09:14+00:00\",\"breadcrumb\":{\"@id\":\"https:\/\/ramynaprawcze.czest.pl\/index.php\/wyposazenie-warsztatow-blacharskich\/oprzyrzadowanie-ram-naprawczych\/#breadcrumb\"},\"inLanguage\":\"pl-PL\",\"potentialAction\":[{\"@type\":\"ReadAction\",\"target\":[\"https:\/\/ramynaprawcze.czest.pl\/index.php\/wyposazenie-warsztatow-blacharskich\/oprzyrzadowanie-ram-naprawczych\/\"]}]},{\"@type\":\"BreadcrumbList\",\"@id\":\"https:\/\/ramynaprawcze.czest.pl\/index.php\/wyposazenie-warsztatow-blacharskich\/oprzyrzadowanie-ram-naprawczych\/#breadcrumb\",\"itemListElement\":[{\"@type\":\"ListItem\",\"position\":1,\"name\":\"Strona g\u0142\u00f3wna\",\"item\":\"https:\/\/ramynaprawcze.czest.pl\/\"},{\"@type\":\"ListItem\",\"position\":2,\"name\":\"Wyposa\u017cenie warsztat\u00f3w blacharskich &#8211; Oferta\",\"item\":\"https:\/\/ramynaprawcze.czest.pl\/index.php\/wyposazenie-warsztatow-blacharskich\/\"},{\"@type\":\"ListItem\",\"position\":3,\"name\":\"Oprzyrz\u0105dowanie ram naprawczych\"}]},{\"@type\":\"WebSite\",\"@id\":\"https:\/\/ramynaprawcze.czest.pl\/#website\",\"url\":\"https:\/\/ramynaprawcze.czest.pl\/\",\"name\":\"PPUH BOMET\",\"description\":\"Ramy naprawcze i akcesoria\",\"potentialAction\":[{\"@type\":\"SearchAction\",\"target\":{\"@type\":\"EntryPoint\",\"urlTemplate\":\"https:\/\/ramynaprawcze.czest.pl\/?s={search_term_string}\"},\"query-input\":\"required name=search_term_string\"}],\"inLanguage\":\"pl-PL\"}]}<\/script>\n<!-- \/ Yoast SEO plugin. -->","yoast_head_json":{"title":"Oprzyrz\u0105dowanie ram naprawczych - PPUH BOMET","robots":{"index":"index","follow":"follow","max-snippet":"max-snippet:-1","max-image-preview":"max-image-preview:large","max-video-preview":"max-video-preview:-1"},"canonical":"https:\/\/ramynaprawcze.czest.pl\/index.php\/wyposazenie-warsztatow-blacharskich\/oprzyrzadowanie-ram-naprawczych\/","og_locale":"pl_PL","og_type":"article","og_title":"Oprzyrz\u0105dowanie ram naprawczych - PPUH BOMET","og_url":"https:\/\/ramynaprawcze.czest.pl\/index.php\/wyposazenie-warsztatow-blacharskich\/oprzyrzadowanie-ram-naprawczych\/","og_site_name":"PPUH BOMET","article_modified_time":"2019-05-15T12:09:14+00:00","twitter_card":"summary_large_image","schema":{"@context":"https:\/\/schema.org","@graph":[{"@type":"WebPage","@id":"https:\/\/ramynaprawcze.czest.pl\/index.php\/wyposazenie-warsztatow-blacharskich\/oprzyrzadowanie-ram-naprawczych\/","url":"https:\/\/ramynaprawcze.czest.pl\/index.php\/wyposazenie-warsztatow-blacharskich\/oprzyrzadowanie-ram-naprawczych\/","name":"Oprzyrz\u0105dowanie ram naprawczych - PPUH BOMET","isPartOf":{"@id":"https:\/\/ramynaprawcze.czest.pl\/#website"},"datePublished":"2018-06-27T18:43:13+00:00","dateModified":"2019-05-15T12:09:14+00:00","breadcrumb":{"@id":"https:\/\/ramynaprawcze.czest.pl\/index.php\/wyposazenie-warsztatow-blacharskich\/oprzyrzadowanie-ram-naprawczych\/#breadcrumb"},"inLanguage":"pl-PL","potentialAction":[{"@type":"ReadAction","target":["https:\/\/ramynaprawcze.czest.pl\/index.php\/wyposazenie-warsztatow-blacharskich\/oprzyrzadowanie-ram-naprawczych\/"]}]},{"@type":"BreadcrumbList","@id":"https:\/\/ramynaprawcze.czest.pl\/index.php\/wyposazenie-warsztatow-blacharskich\/oprzyrzadowanie-ram-naprawczych\/#breadcrumb","itemListElement":[{"@type":"ListItem","position":1,"name":"Strona g\u0142\u00f3wna","item":"https:\/\/ramynaprawcze.czest.pl\/"},{"@type":"ListItem","position":2,"name":"Wyposa\u017cenie warsztat\u00f3w blacharskich &#8211; Oferta","item":"https:\/\/ramynaprawcze.czest.pl\/index.php\/wyposazenie-warsztatow-blacharskich\/"},{"@type":"ListItem","position":3,"name":"Oprzyrz\u0105dowanie ram naprawczych"}]},{"@type":"WebSite","@id":"https:\/\/ramynaprawcze.czest.pl\/#website","url":"https:\/\/ramynaprawcze.czest.pl\/","name":"PPUH BOMET","description":"Ramy naprawcze i akcesoria","potentialAction":[{"@type":"SearchAction","target":{"@type":"EntryPoint","urlTemplate":"https:\/\/ramynaprawcze.czest.pl\/?s={search_term_string}"},"query-input":"required name=search_term_string"}],"inLanguage":"pl-PL"}]}},"_links":{"self":[{"href":"https:\/\/ramynaprawcze.czest.pl\/index.php\/wp-json\/wp\/v2\/pages\/379"}],"collection":[{"href":"https:\/\/ramynaprawcze.czest.pl\/index.php\/wp-json\/wp\/v2\/pages"}],"about":[{"href":"https:\/\/ramynaprawcze.czest.pl\/index.php\/wp-json\/wp\/v2\/types\/page"}],"author":[{"embeddable":true,"href":"https:\/\/ramynaprawcze.czest.pl\/index.php\/wp-json\/wp\/v2\/users\/1"}],"replies":[{"embeddable":true,"href":"https:\/\/ramynaprawcze.czest.pl\/index.php\/wp-json\/wp\/v2\/comments?post=379"}],"version-history":[{"count":3,"href":"https:\/\/ramynaprawcze.czest.pl\/index.php\/wp-json\/wp\/v2\/pages\/379\/revisions"}],"predecessor-version":[{"id":506,"href":"https:\/\/ramynaprawcze.czest.pl\/index.php\/wp-json\/wp\/v2\/pages\/379\/revisions\/506"}],"up":[{"embeddable":true,"href":"https:\/\/ramynaprawcze.czest.pl\/index.php\/wp-json\/wp\/v2\/pages\/121"}],"wp:attachment":[{"href":"https:\/\/ramynaprawcze.czest.pl\/index.php\/wp-json\/wp\/v2\/media?parent=379"}],"curies":[{"name":"wp","href":"https:\/\/api.w.org\/{rel}","templated":true}]}}