{"id":25,"date":"2018-03-10T20:05:30","date_gmt":"2018-03-10T19:05:30","guid":{"rendered":"http:\/\/ramynaprawcze.czest.pl\/?page_id=25"},"modified":"2022-09-12T22:19:14","modified_gmt":"2022-09-12T20:19:14","slug":"strona-glowna","status":"publish","type":"page","link":"https:\/\/ramynaprawcze.czest.pl\/","title":{"rendered":"Ramy naprawcze wyposa\u017cenie warsztat\u00f3w"},"content":{"rendered":"<h2>Ramy naprawcze wyposa\u017cenie warsztat\u00f3w &#8211; strona producenta<\/h2>\n<p>PPUH BOMET w Cz\u0119stochowie zajmuje si\u0119 produkcj\u0105 ram naprawczych i wyposa\u017cenia warsztat\u00f3w blacharskich.<br \/>\nZapraszamy do zapoznania si\u0119 z <a href=\"https:\/\/ramynaprawcze.czest.pl\/index.php\/wyposazenie-warsztatow-blacharskich\/\">ofert\u0105<\/a>.<\/p>\n<p>Masz pytania? Zadzwo\u0144: <a href=\"tel:+48604621156\">+48 604 621 156<\/a><\/p>\n<p style=\"text-align: left;\">Zapraszamy r\u00f3wnie\u017c do zakupu naszych produkt\u00f3w na <a href=\"https:\/\/allegro.pl\/uzytkownik\/bometgrab\" target=\"_blank\" rel=\"noopener noreferrer\">Allegro<\/a> lub w serwisie <a href=\"https:\/\/sprzedajemy.pl\/oferty-uzytkownika-7540917\" target=\"_blank\" rel=\"noopener\">Sprzedajemy<\/a>.<\/p>\n<figure id=\"attachment_520\" aria-describedby=\"caption-attachment-520\" style=\"width: 840px\" class=\"wp-caption aligncenter\"><img loading=\"lazy\" class=\"wp-image-520 size-large\" src=\"https:\/\/ramynaprawcze.czest.pl\/wp-content\/uploads\/2019\/05\/ramy_naprawcze-1024x755.jpg\" alt=\"Rama naprawcza warsztatu blacharskiego\" width=\"840\" height=\"619\" srcset=\"https:\/\/ramynaprawcze.czest.pl\/wp-content\/uploads\/2019\/05\/ramy_naprawcze-1024x755.jpg 1024w, https:\/\/ramynaprawcze.czest.pl\/wp-content\/uploads\/2019\/05\/ramy_naprawcze-300x221.jpg 300w, https:\/\/ramynaprawcze.czest.pl\/wp-content\/uploads\/2019\/05\/ramy_naprawcze-768x566.jpg 768w, https:\/\/ramynaprawcze.czest.pl\/wp-content\/uploads\/2019\/05\/ramy_naprawcze-1200x884.jpg 1200w\" sizes=\"(max-width: 709px) 85vw, (max-width: 909px) 67vw, (max-width: 1362px) 62vw, 840px\" \/><figcaption id=\"caption-attachment-520\" class=\"wp-caption-text\">Rama naprawcza warsztatu blacharskiego zaprojektowana i wykonana przez firm\u0119 BOMET<\/figcaption><\/figure>\n<p>&nbsp;<\/p>\n","protected":false},"excerpt":{"rendered":"<p>Ramy naprawcze wyposa\u017cenie warsztat\u00f3w &#8211; strona producenta PPUH BOMET w Cz\u0119stochowie zajmuje si\u0119 produkcj\u0105 ram naprawczych i wyposa\u017cenia warsztat\u00f3w blacharskich. Zapraszamy do zapoznania si\u0119 z ofert\u0105. Masz pytania? Zadzwo\u0144: +48 604 621 156 Zapraszamy r\u00f3wnie\u017c do zakupu naszych produkt\u00f3w na Allegro lub w serwisie Sprzedajemy. &nbsp;<\/p>\n","protected":false},"author":1,"featured_media":0,"parent":0,"menu_order":0,"comment_status":"closed","ping_status":"closed","template":"","meta":{"ngg_post_thumbnail":0},"yoast_head":"<!-- This site is optimized with the Yoast SEO plugin v19.6.1 - https:\/\/yoast.com\/wordpress\/plugins\/seo\/ -->\n<title>Ramy naprawcze wyposa\u017cenie warsztat\u00f3w - PPUH BOMET<\/title>\n<meta name=\"description\" content=\"PPUH BOMET w Cz\u0119stochowie - Ramy naprawcze wyposa\u017cenie warsztat\u00f3w. Zajmujemy si\u0119 projektowaniem i produkcj\u0105 ram naprawczych dla warsztat\u00f3w blacharskich. Nasze ramy naprawcze s\u0105 eksploatowane wiele lat bez uszkodze\u0144, zapewniaj\u0105c warsztatom blacharskim mo\u017cliwo\u015b\u0107 napraw samochod\u00f3w. Produkujemy r\u00f3wnie\u017c narz\u0119dzia do napraw.\" \/>\n<meta name=\"robots\" content=\"index, follow, max-snippet:-1, max-image-preview:large, max-video-preview:-1\" \/>\n<link rel=\"canonical\" href=\"https:\/\/ramynaprawcze.czest.pl\/\" \/>\n<meta property=\"og:locale\" content=\"pl_PL\" \/>\n<meta property=\"og:type\" content=\"article\" \/>\n<meta property=\"og:title\" content=\"Ramy naprawcze wyposa\u017cenie warsztat\u00f3w - PPUH BOMET\" \/>\n<meta property=\"og:description\" content=\"PPUH BOMET w Cz\u0119stochowie - Ramy naprawcze wyposa\u017cenie warsztat\u00f3w. Zajmujemy si\u0119 projektowaniem i produkcj\u0105 ram naprawczych dla warsztat\u00f3w blacharskich. Nasze ramy naprawcze s\u0105 eksploatowane wiele lat bez uszkodze\u0144, zapewniaj\u0105c warsztatom blacharskim mo\u017cliwo\u015b\u0107 napraw samochod\u00f3w. Produkujemy r\u00f3wnie\u017c narz\u0119dzia do napraw.\" \/>\n<meta property=\"og:url\" content=\"https:\/\/ramynaprawcze.czest.pl\/\" \/>\n<meta property=\"og:site_name\" content=\"PPUH BOMET\" \/>\n<meta property=\"article:modified_time\" content=\"2022-09-12T20:19:14+00:00\" \/>\n<meta property=\"og:image\" content=\"https:\/\/ramynaprawcze.czest.pl\/wp-content\/uploads\/2019\/05\/ramy_naprawcze-1024x755.jpg\" \/>\n<meta name=\"twitter:card\" content=\"summary_large_image\" \/>\n<meta name=\"twitter:label1\" content=\"Szacowany czas czytania\" \/>\n\t<meta name=\"twitter:data1\" content=\"1 minuta\" \/>\n<script type=\"application\/ld+json\" class=\"yoast-schema-graph\">{\"@context\":\"https:\/\/schema.org\",\"@graph\":[{\"@type\":\"WebPage\",\"@id\":\"https:\/\/ramynaprawcze.czest.pl\/\",\"url\":\"https:\/\/ramynaprawcze.czest.pl\/\",\"name\":\"Ramy naprawcze wyposa\u017cenie warsztat\u00f3w - PPUH BOMET\",\"isPartOf\":{\"@id\":\"https:\/\/ramynaprawcze.czest.pl\/#website\"},\"datePublished\":\"2018-03-10T19:05:30+00:00\",\"dateModified\":\"2022-09-12T20:19:14+00:00\",\"description\":\"PPUH BOMET w Cz\u0119stochowie - Ramy naprawcze wyposa\u017cenie warsztat\u00f3w. Zajmujemy si\u0119 projektowaniem i produkcj\u0105 ram naprawczych dla warsztat\u00f3w blacharskich. Nasze ramy naprawcze s\u0105 eksploatowane wiele lat bez uszkodze\u0144, zapewniaj\u0105c warsztatom blacharskim mo\u017cliwo\u015b\u0107 napraw samochod\u00f3w. Produkujemy r\u00f3wnie\u017c narz\u0119dzia do napraw.\",\"breadcrumb\":{\"@id\":\"https:\/\/ramynaprawcze.czest.pl\/#breadcrumb\"},\"inLanguage\":\"pl-PL\",\"potentialAction\":[{\"@type\":\"ReadAction\",\"target\":[\"https:\/\/ramynaprawcze.czest.pl\/\"]}]},{\"@type\":\"BreadcrumbList\",\"@id\":\"https:\/\/ramynaprawcze.czest.pl\/#breadcrumb\",\"itemListElement\":[{\"@type\":\"ListItem\",\"position\":1,\"name\":\"Strona g\u0142\u00f3wna\",\"item\":\"https:\/\/ramynaprawcze.czest.pl\/\"},{\"@type\":\"ListItem\",\"position\":2,\"name\":\"Ramy naprawcze wyposa\u017cenie warsztat\u00f3w\"}]},{\"@type\":\"WebSite\",\"@id\":\"https:\/\/ramynaprawcze.czest.pl\/#website\",\"url\":\"https:\/\/ramynaprawcze.czest.pl\/\",\"name\":\"PPUH BOMET\",\"description\":\"Ramy naprawcze i akcesoria\",\"potentialAction\":[{\"@type\":\"SearchAction\",\"target\":{\"@type\":\"EntryPoint\",\"urlTemplate\":\"https:\/\/ramynaprawcze.czest.pl\/?s={search_term_string}\"},\"query-input\":\"required name=search_term_string\"}],\"inLanguage\":\"pl-PL\"}]}<\/script>\n<!-- \/ Yoast SEO plugin. -->","yoast_head_json":{"title":"Ramy naprawcze wyposa\u017cenie warsztat\u00f3w - PPUH BOMET","description":"PPUH BOMET w Cz\u0119stochowie - Ramy naprawcze wyposa\u017cenie warsztat\u00f3w. Zajmujemy si\u0119 projektowaniem i produkcj\u0105 ram naprawczych dla warsztat\u00f3w blacharskich. Nasze ramy naprawcze s\u0105 eksploatowane wiele lat bez uszkodze\u0144, zapewniaj\u0105c warsztatom blacharskim mo\u017cliwo\u015b\u0107 napraw samochod\u00f3w. Produkujemy r\u00f3wnie\u017c narz\u0119dzia do napraw.","robots":{"index":"index","follow":"follow","max-snippet":"max-snippet:-1","max-image-preview":"max-image-preview:large","max-video-preview":"max-video-preview:-1"},"canonical":"https:\/\/ramynaprawcze.czest.pl\/","og_locale":"pl_PL","og_type":"article","og_title":"Ramy naprawcze wyposa\u017cenie warsztat\u00f3w - PPUH BOMET","og_description":"PPUH BOMET w Cz\u0119stochowie - Ramy naprawcze wyposa\u017cenie warsztat\u00f3w. Zajmujemy si\u0119 projektowaniem i produkcj\u0105 ram naprawczych dla warsztat\u00f3w blacharskich. Nasze ramy naprawcze s\u0105 eksploatowane wiele lat bez uszkodze\u0144, zapewniaj\u0105c warsztatom blacharskim mo\u017cliwo\u015b\u0107 napraw samochod\u00f3w. Produkujemy r\u00f3wnie\u017c narz\u0119dzia do napraw.","og_url":"https:\/\/ramynaprawcze.czest.pl\/","og_site_name":"PPUH BOMET","article_modified_time":"2022-09-12T20:19:14+00:00","og_image":[{"url":"https:\/\/ramynaprawcze.czest.pl\/wp-content\/uploads\/2019\/05\/ramy_naprawcze-1024x755.jpg"}],"twitter_card":"summary_large_image","twitter_misc":{"Szacowany czas czytania":"1 minuta"},"schema":{"@context":"https:\/\/schema.org","@graph":[{"@type":"WebPage","@id":"https:\/\/ramynaprawcze.czest.pl\/","url":"https:\/\/ramynaprawcze.czest.pl\/","name":"Ramy naprawcze wyposa\u017cenie warsztat\u00f3w - PPUH BOMET","isPartOf":{"@id":"https:\/\/ramynaprawcze.czest.pl\/#website"},"datePublished":"2018-03-10T19:05:30+00:00","dateModified":"2022-09-12T20:19:14+00:00","description":"PPUH BOMET w Cz\u0119stochowie - Ramy naprawcze wyposa\u017cenie warsztat\u00f3w. Zajmujemy si\u0119 projektowaniem i produkcj\u0105 ram naprawczych dla warsztat\u00f3w blacharskich. Nasze ramy naprawcze s\u0105 eksploatowane wiele lat bez uszkodze\u0144, zapewniaj\u0105c warsztatom blacharskim mo\u017cliwo\u015b\u0107 napraw samochod\u00f3w. Produkujemy r\u00f3wnie\u017c narz\u0119dzia do napraw.","breadcrumb":{"@id":"https:\/\/ramynaprawcze.czest.pl\/#breadcrumb"},"inLanguage":"pl-PL","potentialAction":[{"@type":"ReadAction","target":["https:\/\/ramynaprawcze.czest.pl\/"]}]},{"@type":"BreadcrumbList","@id":"https:\/\/ramynaprawcze.czest.pl\/#breadcrumb","itemListElement":[{"@type":"ListItem","position":1,"name":"Strona g\u0142\u00f3wna","item":"https:\/\/ramynaprawcze.czest.pl\/"},{"@type":"ListItem","position":2,"name":"Ramy naprawcze wyposa\u017cenie warsztat\u00f3w"}]},{"@type":"WebSite","@id":"https:\/\/ramynaprawcze.czest.pl\/#website","url":"https:\/\/ramynaprawcze.czest.pl\/","name":"PPUH BOMET","description":"Ramy naprawcze i akcesoria","potentialAction":[{"@type":"SearchAction","target":{"@type":"EntryPoint","urlTemplate":"https:\/\/ramynaprawcze.czest.pl\/?s={search_term_string}"},"query-input":"required name=search_term_string"}],"inLanguage":"pl-PL"}]}},"_links":{"self":[{"href":"https:\/\/ramynaprawcze.czest.pl\/index.php\/wp-json\/wp\/v2\/pages\/25"}],"collection":[{"href":"https:\/\/ramynaprawcze.czest.pl\/index.php\/wp-json\/wp\/v2\/pages"}],"about":[{"href":"https:\/\/ramynaprawcze.czest.pl\/index.php\/wp-json\/wp\/v2\/types\/page"}],"author":[{"embeddable":true,"href":"https:\/\/ramynaprawcze.czest.pl\/index.php\/wp-json\/wp\/v2\/users\/1"}],"replies":[{"embeddable":true,"href":"https:\/\/ramynaprawcze.czest.pl\/index.php\/wp-json\/wp\/v2\/comments?post=25"}],"version-history":[{"count":44,"href":"https:\/\/ramynaprawcze.czest.pl\/index.php\/wp-json\/wp\/v2\/pages\/25\/revisions"}],"predecessor-version":[{"id":558,"href":"https:\/\/ramynaprawcze.czest.pl\/index.php\/wp-json\/wp\/v2\/pages\/25\/revisions\/558"}],"wp:attachment":[{"href":"https:\/\/ramynaprawcze.czest.pl\/index.php\/wp-json\/wp\/v2\/media?parent=25"}],"curies":[{"name":"wp","href":"https:\/\/api.w.org\/{rel}","templated":true}]}}