{"id":121,"date":"2018-04-16T23:56:28","date_gmt":"2018-04-16T21:56:28","guid":{"rendered":"http:\/\/ramynaprawcze.czest.pl\/?page_id=121"},"modified":"2019-06-17T13:52:01","modified_gmt":"2019-06-17T11:52:01","slug":"wyposazenie-warsztatow-blacharskich","status":"publish","type":"page","link":"https:\/\/ramynaprawcze.czest.pl\/index.php\/wyposazenie-warsztatow-blacharskich\/","title":{"rendered":"Wyposa\u017cenie warsztat\u00f3w blacharskich &#8211; Oferta"},"content":{"rendered":"<p>Wyposa\u017cenie warsztat\u00f3w blacharskich to domena d\u0142ugoletniej dzia\u0142alno\u015bci PPUH BOMET w Cz\u0119stochowie. Nasze ramy naprawcze kt\u00f3re zamontowali\u015bmy w wielu warsztatach blacharskich w ca\u0142ej Polsce, u\u017cywane s\u0105 z powodzeniem przez d\u0142ugie lata bez usterek. Mamy ponad dwudziestoletnie do\u015bwiadczenie i grono w pe\u0142ni usatysfakcjonowanych klient\u00f3w.<\/p>\n<p>Zapraszamy Pa\u0144stwa do zapoznania si\u0119 z nasz\u0105 ofert\u0105 oraz zakupu wybranych produkt\u00f3w&nbsp;<a href=\"https:\/\/allegro.pl\/uzytkownik\/bometgrab\" target=\"_blank\" rel=\"noopener noreferrer\">w serwisie Allegro<\/a>&nbsp;lub do&nbsp;<a href=\"https:\/\/bomet.istore.pl\/\" target=\"_blank\" rel=\"noopener noreferrer\">naszego sklepu internetowego BOMET<\/a>. Regularnie wprowadzamy nowy asortyment produkt\u00f3w. Nasze produkty w wi\u0119kszo\u015bci wykonywane s\u0105 r\u0119cznie z najwy\u017csz\u0105 staranno\u015bci\u0105 i pasj\u0105. Przyk\u0142adem mog\u0105 by\u0107 \u0142y\u017cki blacharskie, kt\u00f3re s\u0105 kute r\u0119cznie. Kupuj\u0105c nasze produkty wspierasz lokalnych wykonawc\u00f3w z kt\u00f3rymi wsp\u00f3\u0142pracujemy (obrabianie CNC itp.). U nas kupisz solidny polski produkt.<\/p>\n<p>W sk\u0142ad naszej oferty wchodz\u0105 mi\u0119dzy innymi:<\/p>\n<ul style=\"margin-left: 50px;\">\n<li>docery \u2013 s\u0142upy naprawcze<\/li>\n<li>klamry blacharskie<\/li>\n<li>klamry progowe<\/li>\n<li>listwy pomiarowe (cyrkle)<\/li>\n<li>\u0142a\u0144cuchy blacharskie<\/li>\n<li>m\u0142otki blacharskie i PDR<\/li>\n<li>tablice i w\u00f3zki narz\u0119dziowe<\/li>\n<\/ul>\n<p>Po klikni\u0119ciu w poni\u017csze miniaturki otworzy si\u0119 galeria grupy produkt\u00f3w.<\/p>\n<div id='gallery-2' class='gallery galleryid-121 gallery-columns-4 gallery-size-thumbnail'><figure class='gallery-item'>\n\t\t\t<div class='gallery-icon landscape'>\n\t\t\t\t<a href=\"https:\/\/ramynaprawcze.czest.pl\/index.php\/klamry-blacharskie\/\" target=\"_self\" class=\"no-lightbox\"><img width=\"150\" height=\"150\" src=\"https:\/\/ramynaprawcze.czest.pl\/wp-content\/uploads\/2018\/04\/2-150x150.png\" class=\"attachment-thumbnail size-thumbnail\" alt=\"\" loading=\"lazy\" aria-describedby=\"gallery-2-128\" srcset=\"https:\/\/ramynaprawcze.czest.pl\/wp-content\/uploads\/2018\/04\/2-150x150.png 150w, https:\/\/ramynaprawcze.czest.pl\/wp-content\/uploads\/2018\/04\/2.png 200w\" sizes=\"(max-width: 150px) 85vw, 150px\" \/><\/a>\n\t\t\t<\/div>\n\t\t\t\t<figcaption class='wp-caption-text gallery-caption' id='gallery-2-128'>\n\t\t\t\tKLAMRY BLACHARSKIE\n\t\t\t\t<\/figcaption><\/figure><figure class='gallery-item'>\n\t\t\t<div class='gallery-icon landscape'>\n\t\t\t\t<a href=\"https:\/\/ramynaprawcze.czest.pl\/index.php\/oferta\/slupy-naprawcze\/\" target=\"_self\" class=\"no-lightbox\"><img width=\"150\" height=\"150\" src=\"https:\/\/ramynaprawcze.czest.pl\/wp-content\/uploads\/2018\/06\/1-150x150.png\" class=\"attachment-thumbnail size-thumbnail\" alt=\"\" loading=\"lazy\" aria-describedby=\"gallery-2-349\" srcset=\"https:\/\/ramynaprawcze.czest.pl\/wp-content\/uploads\/2018\/06\/1-150x150.png 150w, https:\/\/ramynaprawcze.czest.pl\/wp-content\/uploads\/2018\/06\/1.png 200w\" sizes=\"(max-width: 150px) 85vw, 150px\" \/><\/a>\n\t\t\t<\/div>\n\t\t\t\t<figcaption class='wp-caption-text gallery-caption' id='gallery-2-349'>\n\t\t\t\tDOCERY S\u0141UPY NAPRAWCZE\n\t\t\t\t<\/figcaption><\/figure><figure class='gallery-item'>\n\t\t\t<div class='gallery-icon landscape'>\n\t\t\t\t<a href=\"https:\/\/ramynaprawcze.czest.pl\/index.php\/oferta\/klamry-mocujace\/\" target=\"_self\" class=\"no-lightbox\"><img width=\"150\" height=\"150\" src=\"https:\/\/ramynaprawcze.czest.pl\/wp-content\/uploads\/2018\/04\/3-150x150.png\" class=\"attachment-thumbnail size-thumbnail\" alt=\"\" loading=\"lazy\" aria-describedby=\"gallery-2-129\" srcset=\"https:\/\/ramynaprawcze.czest.pl\/wp-content\/uploads\/2018\/04\/3-150x150.png 150w, https:\/\/ramynaprawcze.czest.pl\/wp-content\/uploads\/2018\/04\/3.png 200w\" sizes=\"(max-width: 150px) 85vw, 150px\" \/><\/a>\n\t\t\t<\/div>\n\t\t\t\t<figcaption class='wp-caption-text gallery-caption' id='gallery-2-129'>\n\t\t\t\tKLAMRY MOCUJ\u0104CE\n\t\t\t\t<\/figcaption><\/figure><figure class='gallery-item'>\n\t\t\t<div class='gallery-icon landscape'>\n\t\t\t\t<a href=\"https:\/\/ramynaprawcze.czest.pl\/index.php\/oferta\/oprzyrzadowanie-ram-naprawczych\/\" target=\"_self\" class=\"no-lightbox\"><img width=\"150\" height=\"150\" src=\"https:\/\/ramynaprawcze.czest.pl\/wp-content\/uploads\/2018\/04\/4-150x150.png\" class=\"attachment-thumbnail size-thumbnail\" alt=\"\" loading=\"lazy\" aria-describedby=\"gallery-2-130\" srcset=\"https:\/\/ramynaprawcze.czest.pl\/wp-content\/uploads\/2018\/04\/4-150x150.png 150w, https:\/\/ramynaprawcze.czest.pl\/wp-content\/uploads\/2018\/04\/4.png 200w\" sizes=\"(max-width: 150px) 85vw, 150px\" \/><\/a>\n\t\t\t<\/div>\n\t\t\t\t<figcaption class='wp-caption-text gallery-caption' id='gallery-2-130'>\n\t\t\t\tOPRZYRZ\u0104DOWANIE RAM\n\t\t\t\t<\/figcaption><\/figure>\n\t\t<\/div>\n\n\n\n<p>Oferujemy r\u00f3wnie\u017c toczenie metalu w technologii CNC do \u00d8 30. Zapraszamy na stron\u0119: <a rel=\"noreferrer noopener\" href=\"http:\/\/lema.czest.pl\/\" target=\"_blank\">http:\/\/lema.czest.pl<\/a><\/p>\n","protected":false},"excerpt":{"rendered":"<p>Wyposa\u017cenie warsztat\u00f3w blacharskich to domena d\u0142ugoletniej dzia\u0142alno\u015bci PPUH BOMET w Cz\u0119stochowie. Nasze ramy naprawcze kt\u00f3re zamontowali\u015bmy w wielu warsztatach blacharskich w ca\u0142ej Polsce, u\u017cywane s\u0105 z powodzeniem przez d\u0142ugie lata bez usterek. Mamy ponad dwudziestoletnie do\u015bwiadczenie i grono w pe\u0142ni usatysfakcjonowanych klient\u00f3w. Zapraszamy Pa\u0144stwa do zapoznania si\u0119 z nasz\u0105 ofert\u0105 oraz zakupu wybranych produkt\u00f3w&nbsp;w serwisie &hellip; <a href=\"https:\/\/ramynaprawcze.czest.pl\/index.php\/wyposazenie-warsztatow-blacharskich\/\" class=\"more-link\">Czytaj dalej<span class=\"screen-reader-text\"> \u201eWyposa\u017cenie warsztat\u00f3w blacharskich &#8211; Oferta\u201d<\/span><\/a><\/p>\n","protected":false},"author":1,"featured_media":0,"parent":0,"menu_order":0,"comment_status":"closed","ping_status":"closed","template":"","meta":{"ngg_post_thumbnail":0},"yoast_head":"<!-- This site is optimized with the Yoast SEO plugin v19.6.1 - https:\/\/yoast.com\/wordpress\/plugins\/seo\/ -->\n<title>Wyposa\u017cenie warsztat\u00f3w blacharskich - Oferta - PPUH BOMET<\/title>\n<meta name=\"description\" content=\"Wyposa\u017cenie warsztat\u00f3w blacharskich kt\u00f3re produkujemy sk\u0142ada si\u0119 z docer\u00f3w, klamer blacharskich. Oferujemy oprzyrz\u0105dowanie ram naprawczych i wiele innych\" \/>\n<meta name=\"robots\" content=\"index, follow, max-snippet:-1, max-image-preview:large, max-video-preview:-1\" \/>\n<link rel=\"canonical\" href=\"https:\/\/ramynaprawcze.czest.pl\/index.php\/wyposazenie-warsztatow-blacharskich\/\" \/>\n<meta property=\"og:locale\" content=\"pl_PL\" \/>\n<meta property=\"og:type\" content=\"article\" \/>\n<meta property=\"og:title\" content=\"Wyposa\u017cenie warsztat\u00f3w blacharskich - Oferta - PPUH BOMET\" \/>\n<meta property=\"og:description\" content=\"Wyposa\u017cenie warsztat\u00f3w blacharskich kt\u00f3re produkujemy sk\u0142ada si\u0119 z docer\u00f3w, klamer blacharskich. Oferujemy oprzyrz\u0105dowanie ram naprawczych i wiele innych\" \/>\n<meta property=\"og:url\" content=\"https:\/\/ramynaprawcze.czest.pl\/index.php\/wyposazenie-warsztatow-blacharskich\/\" \/>\n<meta property=\"og:site_name\" content=\"PPUH BOMET\" \/>\n<meta property=\"article:modified_time\" content=\"2019-06-17T11:52:01+00:00\" \/>\n<meta property=\"og:image\" content=\"https:\/\/ramynaprawcze.czest.pl\/wp-content\/uploads\/2018\/04\/2-150x150.png\" \/>\n<meta name=\"twitter:card\" content=\"summary_large_image\" \/>\n<meta name=\"twitter:label1\" content=\"Szacowany czas czytania\" \/>\n\t<meta name=\"twitter:data1\" content=\"1 minuta\" \/>\n<script type=\"application\/ld+json\" class=\"yoast-schema-graph\">{\"@context\":\"https:\/\/schema.org\",\"@graph\":[{\"@type\":\"WebPage\",\"@id\":\"https:\/\/ramynaprawcze.czest.pl\/index.php\/wyposazenie-warsztatow-blacharskich\/\",\"url\":\"https:\/\/ramynaprawcze.czest.pl\/index.php\/wyposazenie-warsztatow-blacharskich\/\",\"name\":\"Wyposa\u017cenie warsztat\u00f3w blacharskich - Oferta - PPUH BOMET\",\"isPartOf\":{\"@id\":\"https:\/\/ramynaprawcze.czest.pl\/#website\"},\"datePublished\":\"2018-04-16T21:56:28+00:00\",\"dateModified\":\"2019-06-17T11:52:01+00:00\",\"description\":\"Wyposa\u017cenie warsztat\u00f3w blacharskich kt\u00f3re produkujemy sk\u0142ada si\u0119 z docer\u00f3w, klamer blacharskich. Oferujemy oprzyrz\u0105dowanie ram naprawczych i wiele innych\",\"breadcrumb\":{\"@id\":\"https:\/\/ramynaprawcze.czest.pl\/index.php\/wyposazenie-warsztatow-blacharskich\/#breadcrumb\"},\"inLanguage\":\"pl-PL\",\"potentialAction\":[{\"@type\":\"ReadAction\",\"target\":[\"https:\/\/ramynaprawcze.czest.pl\/index.php\/wyposazenie-warsztatow-blacharskich\/\"]}]},{\"@type\":\"BreadcrumbList\",\"@id\":\"https:\/\/ramynaprawcze.czest.pl\/index.php\/wyposazenie-warsztatow-blacharskich\/#breadcrumb\",\"itemListElement\":[{\"@type\":\"ListItem\",\"position\":1,\"name\":\"Strona g\u0142\u00f3wna\",\"item\":\"https:\/\/ramynaprawcze.czest.pl\/\"},{\"@type\":\"ListItem\",\"position\":2,\"name\":\"Wyposa\u017cenie warsztat\u00f3w blacharskich &#8211; Oferta\"}]},{\"@type\":\"WebSite\",\"@id\":\"https:\/\/ramynaprawcze.czest.pl\/#website\",\"url\":\"https:\/\/ramynaprawcze.czest.pl\/\",\"name\":\"PPUH BOMET\",\"description\":\"Ramy naprawcze i akcesoria\",\"potentialAction\":[{\"@type\":\"SearchAction\",\"target\":{\"@type\":\"EntryPoint\",\"urlTemplate\":\"https:\/\/ramynaprawcze.czest.pl\/?s={search_term_string}\"},\"query-input\":\"required name=search_term_string\"}],\"inLanguage\":\"pl-PL\"}]}<\/script>\n<!-- \/ Yoast SEO plugin. -->","yoast_head_json":{"title":"Wyposa\u017cenie warsztat\u00f3w blacharskich - Oferta - PPUH BOMET","description":"Wyposa\u017cenie warsztat\u00f3w blacharskich kt\u00f3re produkujemy sk\u0142ada si\u0119 z docer\u00f3w, klamer blacharskich. Oferujemy oprzyrz\u0105dowanie ram naprawczych i wiele innych","robots":{"index":"index","follow":"follow","max-snippet":"max-snippet:-1","max-image-preview":"max-image-preview:large","max-video-preview":"max-video-preview:-1"},"canonical":"https:\/\/ramynaprawcze.czest.pl\/index.php\/wyposazenie-warsztatow-blacharskich\/","og_locale":"pl_PL","og_type":"article","og_title":"Wyposa\u017cenie warsztat\u00f3w blacharskich - Oferta - PPUH BOMET","og_description":"Wyposa\u017cenie warsztat\u00f3w blacharskich kt\u00f3re produkujemy sk\u0142ada si\u0119 z docer\u00f3w, klamer blacharskich. Oferujemy oprzyrz\u0105dowanie ram naprawczych i wiele innych","og_url":"https:\/\/ramynaprawcze.czest.pl\/index.php\/wyposazenie-warsztatow-blacharskich\/","og_site_name":"PPUH BOMET","article_modified_time":"2019-06-17T11:52:01+00:00","og_image":[{"url":"https:\/\/ramynaprawcze.czest.pl\/wp-content\/uploads\/2018\/04\/2-150x150.png"}],"twitter_card":"summary_large_image","twitter_misc":{"Szacowany czas czytania":"1 minuta"},"schema":{"@context":"https:\/\/schema.org","@graph":[{"@type":"WebPage","@id":"https:\/\/ramynaprawcze.czest.pl\/index.php\/wyposazenie-warsztatow-blacharskich\/","url":"https:\/\/ramynaprawcze.czest.pl\/index.php\/wyposazenie-warsztatow-blacharskich\/","name":"Wyposa\u017cenie warsztat\u00f3w blacharskich - Oferta - PPUH BOMET","isPartOf":{"@id":"https:\/\/ramynaprawcze.czest.pl\/#website"},"datePublished":"2018-04-16T21:56:28+00:00","dateModified":"2019-06-17T11:52:01+00:00","description":"Wyposa\u017cenie warsztat\u00f3w blacharskich kt\u00f3re produkujemy sk\u0142ada si\u0119 z docer\u00f3w, klamer blacharskich. Oferujemy oprzyrz\u0105dowanie ram naprawczych i wiele innych","breadcrumb":{"@id":"https:\/\/ramynaprawcze.czest.pl\/index.php\/wyposazenie-warsztatow-blacharskich\/#breadcrumb"},"inLanguage":"pl-PL","potentialAction":[{"@type":"ReadAction","target":["https:\/\/ramynaprawcze.czest.pl\/index.php\/wyposazenie-warsztatow-blacharskich\/"]}]},{"@type":"BreadcrumbList","@id":"https:\/\/ramynaprawcze.czest.pl\/index.php\/wyposazenie-warsztatow-blacharskich\/#breadcrumb","itemListElement":[{"@type":"ListItem","position":1,"name":"Strona g\u0142\u00f3wna","item":"https:\/\/ramynaprawcze.czest.pl\/"},{"@type":"ListItem","position":2,"name":"Wyposa\u017cenie warsztat\u00f3w blacharskich &#8211; Oferta"}]},{"@type":"WebSite","@id":"https:\/\/ramynaprawcze.czest.pl\/#website","url":"https:\/\/ramynaprawcze.czest.pl\/","name":"PPUH BOMET","description":"Ramy naprawcze i akcesoria","potentialAction":[{"@type":"SearchAction","target":{"@type":"EntryPoint","urlTemplate":"https:\/\/ramynaprawcze.czest.pl\/?s={search_term_string}"},"query-input":"required name=search_term_string"}],"inLanguage":"pl-PL"}]}},"_links":{"self":[{"href":"https:\/\/ramynaprawcze.czest.pl\/index.php\/wp-json\/wp\/v2\/pages\/121"}],"collection":[{"href":"https:\/\/ramynaprawcze.czest.pl\/index.php\/wp-json\/wp\/v2\/pages"}],"about":[{"href":"https:\/\/ramynaprawcze.czest.pl\/index.php\/wp-json\/wp\/v2\/types\/page"}],"author":[{"embeddable":true,"href":"https:\/\/ramynaprawcze.czest.pl\/index.php\/wp-json\/wp\/v2\/users\/1"}],"replies":[{"embeddable":true,"href":"https:\/\/ramynaprawcze.czest.pl\/index.php\/wp-json\/wp\/v2\/comments?post=121"}],"version-history":[{"count":20,"href":"https:\/\/ramynaprawcze.czest.pl\/index.php\/wp-json\/wp\/v2\/pages\/121\/revisions"}],"predecessor-version":[{"id":541,"href":"https:\/\/ramynaprawcze.czest.pl\/index.php\/wp-json\/wp\/v2\/pages\/121\/revisions\/541"}],"wp:attachment":[{"href":"https:\/\/ramynaprawcze.czest.pl\/index.php\/wp-json\/wp\/v2\/media?parent=121"}],"curies":[{"name":"wp","href":"https:\/\/api.w.org\/{rel}","templated":true}]}}